{"id":21787,"date":"2026-05-07T14:29:09","date_gmt":"2026-05-07T17:29:09","guid":{"rendered":"https:\/\/www.venezapratas.com.br\/?post_type=product&#038;p=21787"},"modified":"2026-05-07T15:18:23","modified_gmt":"2026-05-07T18:18:23","slug":"kit-dia-das-maes-4","status":"publish","type":"product","link":"https:\/\/www.venezapratas.com.br\/?product=kit-dia-das-maes-4","title":{"rendered":"KIT DIA DAS MAES 4"},"content":{"rendered":"<ul>\n<li>Material: Prata 925<\/li>\n<li>Embalagem especial dia das m\u00e3es contendo um colar de filho, um brinco de zirconia de 9mm e um anel aparador cravejado (deixar na observa\u00e7\u00e3o se o colar ser\u00e1 de menina ou menino e tamanho do anel)<\/li>\n<\/ul>\n","protected":false},"excerpt":{"rendered":"<p>Material: Prata 925 Embalagem especial dia das m\u00e3es contendo um colar de filho, um brinco de zirconia de 9mm e um anel aparador cravejado (deixar na observa\u00e7\u00e3o se o colar ser\u00e1 de menina ou menino e tamanho do anel)<\/p>\n","protected":false},"featured_media":21800,"comment_status":"closed","ping_status":"closed","template":"","meta":[],"pwb-brand":[],"product_brand":[],"product_cat":[71],"product_tag":[],"class_list":{"0":"post-21787","1":"product","2":"type-product","3":"status-publish","4":"has-post-thumbnail","6":"product_cat-feminino","8":"first","9":"instock","10":"shipping-taxable","11":"purchasable","12":"product-type-simple"},"brands":[],"_links":{"self":[{"href":"https:\/\/www.venezapratas.com.br\/index.php?rest_route=\/wp\/v2\/product\/21787","targetHints":{"allow":["GET"]}}],"collection":[{"href":"https:\/\/www.venezapratas.com.br\/index.php?rest_route=\/wp\/v2\/product"}],"about":[{"href":"https:\/\/www.venezapratas.com.br\/index.php?rest_route=\/wp\/v2\/types\/product"}],"replies":[{"embeddable":true,"href":"https:\/\/www.venezapratas.com.br\/index.php?rest_route=%2Fwp%2Fv2%2Fcomments&post=21787"}],"wp:featuredmedia":[{"embeddable":true,"href":"https:\/\/www.venezapratas.com.br\/index.php?rest_route=\/wp\/v2\/media\/21800"}],"wp:attachment":[{"href":"https:\/\/www.venezapratas.com.br\/index.php?rest_route=%2Fwp%2Fv2%2Fmedia&parent=21787"}],"wp:term":[{"taxonomy":"pwb-brand","embeddable":true,"href":"https:\/\/www.venezapratas.com.br\/index.php?rest_route=%2Fwp%2Fv2%2Fpwb-brand&post=21787"},{"taxonomy":"product_brand","embeddable":true,"href":"https:\/\/www.venezapratas.com.br\/index.php?rest_route=%2Fwp%2Fv2%2Fproduct_brand&post=21787"},{"taxonomy":"product_cat","embeddable":true,"href":"https:\/\/www.venezapratas.com.br\/index.php?rest_route=%2Fwp%2Fv2%2Fproduct_cat&post=21787"},{"taxonomy":"product_tag","embeddable":true,"href":"https:\/\/www.venezapratas.com.br\/index.php?rest_route=%2Fwp%2Fv2%2Fproduct_tag&post=21787"}],"curies":[{"name":"wp","href":"https:\/\/api.w.org\/{rel}","templated":true}]}}