{"id":21786,"date":"2026-05-07T14:27:05","date_gmt":"2026-05-07T17:27:05","guid":{"rendered":"https:\/\/www.venezapratas.com.br\/?post_type=product&#038;p=21786"},"modified":"2026-05-07T15:18:14","modified_gmt":"2026-05-07T18:18:14","slug":"kit-dia-das-maes-3","status":"publish","type":"product","link":"https:\/\/www.venezapratas.com.br\/?product=kit-dia-das-maes-3","title":{"rendered":"KIT DIA DAS MAES 3"},"content":{"rendered":"<ul>\n<li>Material: Prata 925<\/li>\n<li>Embalagem especial dia das m\u00e3es contendo um colar de nossa senhora aparecida, brinco gota vazada cravejada e anel cora\u00e7\u00e3o cravejado azul (informar tamanho do anel no campo de observa\u00e7\u00e3o)<\/li>\n<\/ul>\n","protected":false},"excerpt":{"rendered":"<p>Material: Prata 925 Embalagem especial dia das m\u00e3es contendo um colar de nossa senhora aparecida, brinco gota vazada cravejada e anel cora\u00e7\u00e3o cravejado azul (informar tamanho do anel no campo de observa\u00e7\u00e3o)<\/p>\n","protected":false},"featured_media":21801,"comment_status":"closed","ping_status":"closed","template":"","meta":[],"pwb-brand":[],"product_brand":[],"product_cat":[71],"product_tag":[],"class_list":{"0":"post-21786","1":"product","2":"type-product","3":"status-publish","4":"has-post-thumbnail","6":"product_cat-feminino","8":"first","9":"instock","10":"shipping-taxable","11":"purchasable","12":"product-type-simple"},"brands":[],"_links":{"self":[{"href":"https:\/\/www.venezapratas.com.br\/index.php?rest_route=\/wp\/v2\/product\/21786","targetHints":{"allow":["GET"]}}],"collection":[{"href":"https:\/\/www.venezapratas.com.br\/index.php?rest_route=\/wp\/v2\/product"}],"about":[{"href":"https:\/\/www.venezapratas.com.br\/index.php?rest_route=\/wp\/v2\/types\/product"}],"replies":[{"embeddable":true,"href":"https:\/\/www.venezapratas.com.br\/index.php?rest_route=%2Fwp%2Fv2%2Fcomments&post=21786"}],"wp:featuredmedia":[{"embeddable":true,"href":"https:\/\/www.venezapratas.com.br\/index.php?rest_route=\/wp\/v2\/media\/21801"}],"wp:attachment":[{"href":"https:\/\/www.venezapratas.com.br\/index.php?rest_route=%2Fwp%2Fv2%2Fmedia&parent=21786"}],"wp:term":[{"taxonomy":"pwb-brand","embeddable":true,"href":"https:\/\/www.venezapratas.com.br\/index.php?rest_route=%2Fwp%2Fv2%2Fpwb-brand&post=21786"},{"taxonomy":"product_brand","embeddable":true,"href":"https:\/\/www.venezapratas.com.br\/index.php?rest_route=%2Fwp%2Fv2%2Fproduct_brand&post=21786"},{"taxonomy":"product_cat","embeddable":true,"href":"https:\/\/www.venezapratas.com.br\/index.php?rest_route=%2Fwp%2Fv2%2Fproduct_cat&post=21786"},{"taxonomy":"product_tag","embeddable":true,"href":"https:\/\/www.venezapratas.com.br\/index.php?rest_route=%2Fwp%2Fv2%2Fproduct_tag&post=21786"}],"curies":[{"name":"wp","href":"https:\/\/api.w.org\/{rel}","templated":true}]}}