{"id":21784,"date":"2026-05-07T14:22:48","date_gmt":"2026-05-07T17:22:48","guid":{"rendered":"https:\/\/www.venezapratas.com.br\/?post_type=product&#038;p=21784"},"modified":"2026-05-07T15:17:55","modified_gmt":"2026-05-07T18:17:55","slug":"kit-dia-das-maes-1","status":"publish","type":"product","link":"https:\/\/www.venezapratas.com.br\/?product=kit-dia-das-maes-1","title":{"rendered":"KIT DIA DAS MAES 1"},"content":{"rendered":"<ul>\n<li>Material: Prata 925<\/li>\n<li>Embalagem especial dia das m\u00e3es contendo um colar e uma pulseira em elo de cora\u00e7\u00f5es vazados e um par de argolas de click lisas de 10mm.<\/li>\n<\/ul>\n","protected":false},"excerpt":{"rendered":"<p>Material: Prata 925 Embalagem especial dia das m\u00e3es contendo um colar e uma pulseira em elo de cora\u00e7\u00f5es vazados e um par de argolas de click lisas de 10mm.<\/p>\n","protected":false},"featured_media":21803,"comment_status":"closed","ping_status":"closed","template":"","meta":[],"pwb-brand":[],"product_brand":[],"product_cat":[71],"product_tag":[],"class_list":{"0":"post-21784","1":"product","2":"type-product","3":"status-publish","4":"has-post-thumbnail","6":"product_cat-feminino","8":"first","9":"instock","10":"shipping-taxable","11":"purchasable","12":"product-type-simple"},"brands":[],"_links":{"self":[{"href":"https:\/\/www.venezapratas.com.br\/index.php?rest_route=\/wp\/v2\/product\/21784","targetHints":{"allow":["GET"]}}],"collection":[{"href":"https:\/\/www.venezapratas.com.br\/index.php?rest_route=\/wp\/v2\/product"}],"about":[{"href":"https:\/\/www.venezapratas.com.br\/index.php?rest_route=\/wp\/v2\/types\/product"}],"replies":[{"embeddable":true,"href":"https:\/\/www.venezapratas.com.br\/index.php?rest_route=%2Fwp%2Fv2%2Fcomments&post=21784"}],"wp:featuredmedia":[{"embeddable":true,"href":"https:\/\/www.venezapratas.com.br\/index.php?rest_route=\/wp\/v2\/media\/21803"}],"wp:attachment":[{"href":"https:\/\/www.venezapratas.com.br\/index.php?rest_route=%2Fwp%2Fv2%2Fmedia&parent=21784"}],"wp:term":[{"taxonomy":"pwb-brand","embeddable":true,"href":"https:\/\/www.venezapratas.com.br\/index.php?rest_route=%2Fwp%2Fv2%2Fpwb-brand&post=21784"},{"taxonomy":"product_brand","embeddable":true,"href":"https:\/\/www.venezapratas.com.br\/index.php?rest_route=%2Fwp%2Fv2%2Fproduct_brand&post=21784"},{"taxonomy":"product_cat","embeddable":true,"href":"https:\/\/www.venezapratas.com.br\/index.php?rest_route=%2Fwp%2Fv2%2Fproduct_cat&post=21784"},{"taxonomy":"product_tag","embeddable":true,"href":"https:\/\/www.venezapratas.com.br\/index.php?rest_route=%2Fwp%2Fv2%2Fproduct_tag&post=21784"}],"curies":[{"name":"wp","href":"https:\/\/api.w.org\/{rel}","templated":true}]}}