{"id":21064,"date":"2025-09-09T15:19:33","date_gmt":"2025-09-09T18:19:33","guid":{"rendered":"https:\/\/www.venezapratas.com.br\/?post_type=product&#038;p=21064"},"modified":"2026-03-10T08:26:21","modified_gmt":"2026-03-10T11:26:21","slug":"anel-solitario-coracao-azul-cravejado","status":"publish","type":"product","link":"https:\/\/www.venezapratas.com.br\/?product=anel-solitario-coracao-azul-cravejado","title":{"rendered":"Anel solit\u00e1rio cora\u00e7\u00e3o azul cravejado"},"content":{"rendered":"<p><a class=\"mb-button mb-style-traditional mb-size-small mb-corners-pill mb-text-style-heavy \" style=\"background-color: #010d06;\" href=\"https:\/\/venezapratas.com.br\/medidas-de-aneis\/\">DESCOBRIR MEU TAMANHO<\/a><\/p>\n<ul>\n<li>Material: Prata 925<\/li>\n<\/ul>\n","protected":false},"excerpt":{"rendered":"<p>DESCOBRIR MEU TAMANHO Material: Prata 925<\/p>\n","protected":false},"featured_media":21112,"comment_status":"closed","ping_status":"closed","template":"","meta":[],"pwb-brand":[],"product_brand":[],"product_cat":[96,71],"product_tag":[],"class_list":{"0":"post-21064","1":"product","2":"type-product","3":"status-publish","4":"has-post-thumbnail","6":"product_cat-aneis","7":"product_cat-feminino","9":"first","10":"instock","11":"shipping-taxable","12":"purchasable","13":"product-type-variable"},"brands":[],"_links":{"self":[{"href":"https:\/\/www.venezapratas.com.br\/index.php?rest_route=\/wp\/v2\/product\/21064","targetHints":{"allow":["GET"]}}],"collection":[{"href":"https:\/\/www.venezapratas.com.br\/index.php?rest_route=\/wp\/v2\/product"}],"about":[{"href":"https:\/\/www.venezapratas.com.br\/index.php?rest_route=\/wp\/v2\/types\/product"}],"replies":[{"embeddable":true,"href":"https:\/\/www.venezapratas.com.br\/index.php?rest_route=%2Fwp%2Fv2%2Fcomments&post=21064"}],"wp:featuredmedia":[{"embeddable":true,"href":"https:\/\/www.venezapratas.com.br\/index.php?rest_route=\/wp\/v2\/media\/21112"}],"wp:attachment":[{"href":"https:\/\/www.venezapratas.com.br\/index.php?rest_route=%2Fwp%2Fv2%2Fmedia&parent=21064"}],"wp:term":[{"taxonomy":"pwb-brand","embeddable":true,"href":"https:\/\/www.venezapratas.com.br\/index.php?rest_route=%2Fwp%2Fv2%2Fpwb-brand&post=21064"},{"taxonomy":"product_brand","embeddable":true,"href":"https:\/\/www.venezapratas.com.br\/index.php?rest_route=%2Fwp%2Fv2%2Fproduct_brand&post=21064"},{"taxonomy":"product_cat","embeddable":true,"href":"https:\/\/www.venezapratas.com.br\/index.php?rest_route=%2Fwp%2Fv2%2Fproduct_cat&post=21064"},{"taxonomy":"product_tag","embeddable":true,"href":"https:\/\/www.venezapratas.com.br\/index.php?rest_route=%2Fwp%2Fv2%2Fproduct_tag&post=21064"}],"curies":[{"name":"wp","href":"https:\/\/api.w.org\/{rel}","templated":true}]}}