{"id":20132,"date":"2025-04-06T20:47:37","date_gmt":"2025-04-06T23:47:37","guid":{"rendered":"https:\/\/www.venezapratas.com.br\/?post_type=product&#038;p=20132"},"modified":"2025-10-12T13:41:01","modified_gmt":"2025-10-12T16:41:01","slug":"colar-inicial-bubble-pave","status":"publish","type":"product","link":"https:\/\/www.venezapratas.com.br\/?product=colar-inicial-bubble-pave","title":{"rendered":"Colar inicial bubble pave"},"content":{"rendered":"<p><a class=\"mb-button mb-style-traditional mb-size-small mb-corners-pill mb-text-style-heavy \" style=\"background-color: #010d06;\" href=\"https:\/\/venezapratas.com.br\/medidas-de-colares\/\">DESCOBRIR MEU TAMANHO<\/a><\/p>\n<ul>\n<li>Material: Prata 925<\/li>\n<li>Tamanho do Pingente: mm<\/li>\n<li>Tamanho da corrente : Voc\u00ea poder\u00e1 escolher entre os tamanhos: <strong>40cm,45cm,50cm<\/strong>.<\/li>\n<\/ul>\n<p>Se voc\u00ea est\u00e1 procurando um colar que seja elegante, sofisticado e que mostre sua personalidade, ent\u00e3o voc\u00ea precisa conhecer o nosso colar inicial cravejada. Feito em prata 925, este colar \u00e9 a escolha perfeita para mulheres que desejam um acess\u00f3rio de alta qualidade e que possa ser usado em diversas ocasi\u00f5es.<br \/>\nO colar inicial cravejada \u00e9 uma joia que combina perfeitamente com o dia a dia e tamb\u00e9m com eventos mais formais. Com um design moderno e minimalista, ele \u00e9 cravejado em pedras zirc\u00f4nia, que garantem um brilho intenso e duradouro. Al\u00e9m disso, voc\u00ea pode escolher a letra inicial do seu nome, tornando o colar ainda mais pessoal e \u00fanico. A corrente veneziana \u00e9 outro destaque deste colar, ela \u00e9 delicada e com um caimento excelente.<\/p>\n","protected":false},"excerpt":{"rendered":"<p>DESCOBRIR MEU TAMANHO Material: Prata 925 Tamanho do Pingente: mm Tamanho da corrente : Voc\u00ea poder\u00e1 escolher entre os tamanhos: 40cm,45cm,50cm. Se voc\u00ea est\u00e1 procurando um colar que seja elegante, sofisticado e que mostre sua personalidade, ent\u00e3o voc\u00ea precisa conhecer o nosso colar inicial cravejada. Feito em prata 925, este colar \u00e9 a escolha perfeita [&hellip;]<\/p>\n","protected":false},"featured_media":20147,"comment_status":"closed","ping_status":"closed","template":"","meta":[],"pwb-brand":[],"product_brand":[],"product_cat":[178,71,114,375],"product_tag":[180,181],"class_list":{"0":"post-20132","1":"product","2":"type-product","3":"status-publish","4":"has-post-thumbnail","6":"product_cat-colares","7":"product_cat-feminino","8":"product_cat-mais-vendidos","9":"product_cat-ptamanho404550","10":"product_tag-colar","11":"product_tag-colares","13":"first","14":"instock","15":"featured","16":"shipping-taxable","17":"purchasable","18":"product-type-variable"},"brands":[],"_links":{"self":[{"href":"https:\/\/www.venezapratas.com.br\/index.php?rest_route=\/wp\/v2\/product\/20132","targetHints":{"allow":["GET"]}}],"collection":[{"href":"https:\/\/www.venezapratas.com.br\/index.php?rest_route=\/wp\/v2\/product"}],"about":[{"href":"https:\/\/www.venezapratas.com.br\/index.php?rest_route=\/wp\/v2\/types\/product"}],"replies":[{"embeddable":true,"href":"https:\/\/www.venezapratas.com.br\/index.php?rest_route=%2Fwp%2Fv2%2Fcomments&post=20132"}],"wp:featuredmedia":[{"embeddable":true,"href":"https:\/\/www.venezapratas.com.br\/index.php?rest_route=\/wp\/v2\/media\/20147"}],"wp:attachment":[{"href":"https:\/\/www.venezapratas.com.br\/index.php?rest_route=%2Fwp%2Fv2%2Fmedia&parent=20132"}],"wp:term":[{"taxonomy":"pwb-brand","embeddable":true,"href":"https:\/\/www.venezapratas.com.br\/index.php?rest_route=%2Fwp%2Fv2%2Fpwb-brand&post=20132"},{"taxonomy":"product_brand","embeddable":true,"href":"https:\/\/www.venezapratas.com.br\/index.php?rest_route=%2Fwp%2Fv2%2Fproduct_brand&post=20132"},{"taxonomy":"product_cat","embeddable":true,"href":"https:\/\/www.venezapratas.com.br\/index.php?rest_route=%2Fwp%2Fv2%2Fproduct_cat&post=20132"},{"taxonomy":"product_tag","embeddable":true,"href":"https:\/\/www.venezapratas.com.br\/index.php?rest_route=%2Fwp%2Fv2%2Fproduct_tag&post=20132"}],"curies":[{"name":"wp","href":"https:\/\/api.w.org\/{rel}","templated":true}]}}