{"id":19835,"date":"2025-04-06T20:42:38","date_gmt":"2025-04-06T23:42:38","guid":{"rendered":"https:\/\/www.venezapratas.com.br\/?post_type=product&#038;p=19835"},"modified":"2026-03-10T08:44:00","modified_gmt":"2026-03-10T11:44:00","slug":"anel-mini-coracoes-com-zirconia","status":"publish","type":"product","link":"https:\/\/www.venezapratas.com.br\/?product=anel-mini-coracoes-com-zirconia","title":{"rendered":"Anel Mini Cora\u00e7\u00f5es com Zirc\u00f4nia"},"content":{"rendered":"<p><a class=\"mb-button mb-style-traditional mb-size-small mb-corners-pill mb-text-style-heavy \" style=\"background-color: #010d06;\" href=\"https:\/\/venezapratas.com.br\/medidas-de-aneis\/\">DESCOBRIR MEU TAMANHO<\/a><\/p>\n<ul>\n<li>Material: Prata 925<\/li>\n<\/ul>\n","protected":false},"excerpt":{"rendered":"<p>DESCOBRIR MEU TAMANHO Material: Prata 925<\/p>\n","protected":false},"featured_media":19856,"comment_status":"closed","ping_status":"closed","template":"","meta":[],"pwb-brand":[],"product_brand":[],"product_cat":[96,71],"product_tag":[],"class_list":{"0":"post-19835","1":"product","2":"type-product","3":"status-publish","4":"has-post-thumbnail","6":"product_cat-aneis","7":"product_cat-feminino","9":"first","10":"instock","11":"shipping-taxable","12":"purchasable","13":"product-type-variable"},"brands":[],"_links":{"self":[{"href":"https:\/\/www.venezapratas.com.br\/index.php?rest_route=\/wp\/v2\/product\/19835","targetHints":{"allow":["GET"]}}],"collection":[{"href":"https:\/\/www.venezapratas.com.br\/index.php?rest_route=\/wp\/v2\/product"}],"about":[{"href":"https:\/\/www.venezapratas.com.br\/index.php?rest_route=\/wp\/v2\/types\/product"}],"replies":[{"embeddable":true,"href":"https:\/\/www.venezapratas.com.br\/index.php?rest_route=%2Fwp%2Fv2%2Fcomments&post=19835"}],"wp:featuredmedia":[{"embeddable":true,"href":"https:\/\/www.venezapratas.com.br\/index.php?rest_route=\/wp\/v2\/media\/19856"}],"wp:attachment":[{"href":"https:\/\/www.venezapratas.com.br\/index.php?rest_route=%2Fwp%2Fv2%2Fmedia&parent=19835"}],"wp:term":[{"taxonomy":"pwb-brand","embeddable":true,"href":"https:\/\/www.venezapratas.com.br\/index.php?rest_route=%2Fwp%2Fv2%2Fpwb-brand&post=19835"},{"taxonomy":"product_brand","embeddable":true,"href":"https:\/\/www.venezapratas.com.br\/index.php?rest_route=%2Fwp%2Fv2%2Fproduct_brand&post=19835"},{"taxonomy":"product_cat","embeddable":true,"href":"https:\/\/www.venezapratas.com.br\/index.php?rest_route=%2Fwp%2Fv2%2Fproduct_cat&post=19835"},{"taxonomy":"product_tag","embeddable":true,"href":"https:\/\/www.venezapratas.com.br\/index.php?rest_route=%2Fwp%2Fv2%2Fproduct_tag&post=19835"}],"curies":[{"name":"wp","href":"https:\/\/api.w.org\/{rel}","templated":true}]}}