{"id":19754,"date":"2025-04-06T20:41:53","date_gmt":"2025-04-06T23:41:53","guid":{"rendered":"https:\/\/www.venezapratas.com.br\/?post_type=product&#038;p=19754"},"modified":"2026-01-21T10:30:21","modified_gmt":"2026-01-21T13:30:21","slug":"pulseira-inspiracao-pandora-tambor-cravejado","status":"publish","type":"product","link":"https:\/\/www.venezapratas.com.br\/?product=pulseira-inspiracao-pandora-tambor-cravejado","title":{"rendered":"Pulseira inspira\u00e7\u00e3o Pandora tambor cravejado"},"content":{"rendered":"<p><a class=\"mb-button mb-style-traditional mb-size-small mb-corners-pill mb-text-style-heavy \" style=\"background-color: #010d06;\" href=\"https:\/\/venezapratas.com.br\/como-medir-sua-pandora\/\">DESCOBRIR MEU TAMANHO<\/a><\/p>\n<ul>\n<li>Material: Prata 925<\/li>\n<li>Peso: 7,65g<\/li>\n<li>Tamanho tambor: 10mm<\/li>\n<\/ul>\n<p>As pulseiras inspira\u00e7\u00e3o pandora s\u00e3o muito mais do que pulseiras, elas carregam significados, colecionam e registram momentos, amores&#8230;<\/p>\n","protected":false},"excerpt":{"rendered":"<p>DESCOBRIR MEU TAMANHO Material: Prata 925 Peso: 7,65g Tamanho tambor: 10mm As pulseiras inspira\u00e7\u00e3o pandora s\u00e3o muito mais do que pulseiras, elas carregam significados, colecionam e registram momentos, amores&#8230;<\/p>\n","protected":false},"featured_media":19778,"comment_status":"closed","ping_status":"closed","template":"","meta":[],"pwb-brand":[],"product_brand":[],"product_cat":[71,203],"product_tag":[112,204,205,206,207],"class_list":{"0":"post-19754","1":"product","2":"type-product","3":"status-publish","4":"has-post-thumbnail","6":"product_cat-feminino","7":"product_cat-pulseiras","8":"product_tag-cravejada","9":"product_tag-pandora","10":"product_tag-pulseira","11":"product_tag-pulseiras","12":"product_tag-tambor","14":"first","15":"instock","16":"shipping-taxable","17":"purchasable","18":"product-type-variable"},"brands":[],"_links":{"self":[{"href":"https:\/\/www.venezapratas.com.br\/index.php?rest_route=\/wp\/v2\/product\/19754","targetHints":{"allow":["GET"]}}],"collection":[{"href":"https:\/\/www.venezapratas.com.br\/index.php?rest_route=\/wp\/v2\/product"}],"about":[{"href":"https:\/\/www.venezapratas.com.br\/index.php?rest_route=\/wp\/v2\/types\/product"}],"replies":[{"embeddable":true,"href":"https:\/\/www.venezapratas.com.br\/index.php?rest_route=%2Fwp%2Fv2%2Fcomments&post=19754"}],"wp:featuredmedia":[{"embeddable":true,"href":"https:\/\/www.venezapratas.com.br\/index.php?rest_route=\/wp\/v2\/media\/19778"}],"wp:attachment":[{"href":"https:\/\/www.venezapratas.com.br\/index.php?rest_route=%2Fwp%2Fv2%2Fmedia&parent=19754"}],"wp:term":[{"taxonomy":"pwb-brand","embeddable":true,"href":"https:\/\/www.venezapratas.com.br\/index.php?rest_route=%2Fwp%2Fv2%2Fpwb-brand&post=19754"},{"taxonomy":"product_brand","embeddable":true,"href":"https:\/\/www.venezapratas.com.br\/index.php?rest_route=%2Fwp%2Fv2%2Fproduct_brand&post=19754"},{"taxonomy":"product_cat","embeddable":true,"href":"https:\/\/www.venezapratas.com.br\/index.php?rest_route=%2Fwp%2Fv2%2Fproduct_cat&post=19754"},{"taxonomy":"product_tag","embeddable":true,"href":"https:\/\/www.venezapratas.com.br\/index.php?rest_route=%2Fwp%2Fv2%2Fproduct_tag&post=19754"}],"curies":[{"name":"wp","href":"https:\/\/api.w.org\/{rel}","templated":true}]}}