{"id":19744,"date":"2025-04-06T20:41:53","date_gmt":"2025-04-06T23:41:53","guid":{"rendered":"https:\/\/www.venezapratas.com.br\/?post_type=product&#038;p=19744"},"modified":"2025-04-06T20:42:09","modified_gmt":"2025-04-06T23:42:09","slug":"berloque-oculos-cravejado","status":"publish","type":"product","link":"https:\/\/www.venezapratas.com.br\/?product=berloque-oculos-cravejado","title":{"rendered":"Berloque \u00f3culos cravejado"},"content":{"rendered":"<p>Todos os nossos berloques s\u00e3o produzidos em<strong> Prata 925<\/strong> e s\u00e3o compat\u00edveis com todas as pulseiras e braceletes para berloques e charms do mercado atual.<\/p>\n<p>Conte a sua hist\u00f3ria com cada berloque e crie um bracelete colecionado de mem\u00f3rias.<\/p>\n<ul>\n<li>Material: Prata 925<\/li>\n<li>Tamanho: 4x12mm<\/li>\n<\/ul>\n","protected":false},"excerpt":{"rendered":"<p>Todos os nossos berloques s\u00e3o produzidos em Prata 925 e s\u00e3o compat\u00edveis com todas as pulseiras e braceletes para berloques e charms do mercado atual. Conte a sua hist\u00f3ria com cada berloque e crie um bracelete colecionado de mem\u00f3rias. Material: Prata 925 Tamanho: 4x12mm<\/p>\n","protected":false},"featured_media":19772,"comment_status":"closed","ping_status":"closed","template":"","meta":[],"pwb-brand":[],"product_brand":[],"product_cat":[220,71],"product_tag":[221,222,204,225],"class_list":{"0":"post-19744","1":"product","2":"type-product","3":"status-publish","4":"has-post-thumbnail","6":"product_cat-berloques","7":"product_cat-feminino","8":"product_tag-berloque","9":"product_tag-berloques","10":"product_tag-pandora","11":"product_tag-passaport","13":"first","14":"instock","15":"shipping-taxable","16":"purchasable","17":"product-type-simple"},"brands":[],"_links":{"self":[{"href":"https:\/\/www.venezapratas.com.br\/index.php?rest_route=\/wp\/v2\/product\/19744","targetHints":{"allow":["GET"]}}],"collection":[{"href":"https:\/\/www.venezapratas.com.br\/index.php?rest_route=\/wp\/v2\/product"}],"about":[{"href":"https:\/\/www.venezapratas.com.br\/index.php?rest_route=\/wp\/v2\/types\/product"}],"replies":[{"embeddable":true,"href":"https:\/\/www.venezapratas.com.br\/index.php?rest_route=%2Fwp%2Fv2%2Fcomments&post=19744"}],"wp:featuredmedia":[{"embeddable":true,"href":"https:\/\/www.venezapratas.com.br\/index.php?rest_route=\/wp\/v2\/media\/19772"}],"wp:attachment":[{"href":"https:\/\/www.venezapratas.com.br\/index.php?rest_route=%2Fwp%2Fv2%2Fmedia&parent=19744"}],"wp:term":[{"taxonomy":"pwb-brand","embeddable":true,"href":"https:\/\/www.venezapratas.com.br\/index.php?rest_route=%2Fwp%2Fv2%2Fpwb-brand&post=19744"},{"taxonomy":"product_brand","embeddable":true,"href":"https:\/\/www.venezapratas.com.br\/index.php?rest_route=%2Fwp%2Fv2%2Fproduct_brand&post=19744"},{"taxonomy":"product_cat","embeddable":true,"href":"https:\/\/www.venezapratas.com.br\/index.php?rest_route=%2Fwp%2Fv2%2Fproduct_cat&post=19744"},{"taxonomy":"product_tag","embeddable":true,"href":"https:\/\/www.venezapratas.com.br\/index.php?rest_route=%2Fwp%2Fv2%2Fproduct_tag&post=19744"}],"curies":[{"name":"wp","href":"https:\/\/api.w.org\/{rel}","templated":true}]}}