{"id":19462,"date":"2025-04-06T20:36:47","date_gmt":"2025-04-06T23:36:47","guid":{"rendered":"https:\/\/www.venezapratas.com.br\/?post_type=product&#038;p=19462"},"modified":"2025-07-03T10:51:05","modified_gmt":"2025-07-03T13:51:05","slug":"colar-coracao-cravejado-rosa","status":"publish","type":"product","link":"https:\/\/www.venezapratas.com.br\/?product=colar-coracao-cravejado-rosa","title":{"rendered":"Colar cora\u00e7\u00e3o cravejado rosa"},"content":{"rendered":"<p><a class=\"mb-button mb-style-traditional mb-size-small mb-corners-pill mb-text-style-heavy \" style=\"background-color: #010d06\" href=\"https:\/\/venezapratas.com.br\/medidas-de-colares\/\">DESCOBRIR MEU TAMANHO<\/a><\/p>\n<ul>\n<li>Material: Prata 925<\/li>\n<li>Peso: 1,67g<\/li>\n<li>Tamanho do pingente: 8mm<\/li>\n<\/ul>\n<p>Apresentamos a voc\u00ea o Colar Cora\u00e7\u00e3o Cravejado, uma pe\u00e7a de alta qualidade e eleg\u00e2ncia extrema. O cora\u00e7\u00e3o cravejado em pedras zirc\u00f4nia \u00e9 o destaque deste colar, adicionando um toque de brilho e glamour \u00e0 sua apar\u00eancia. As pedras zirc\u00f4nia s\u00e3o conhecidas por sua semelhan\u00e7a com diamantes, tornando este colar uma op\u00e7\u00e3o acess\u00edvel e luxuosa. A corrente veneziana, al\u00e9m de combinar perfeitamente com o colar, \u00e9 um modelo extremamente confort\u00e1vel e delicado. O design \u00e9 elegante, ideal para compor um look charmoso.<\/p>\n<p>&nbsp;<\/p>\n","protected":false},"excerpt":{"rendered":"<p>DESCOBRIR MEU TAMANHO Material: Prata 925 Peso: 1,67g Tamanho do pingente: 8mm Apresentamos a voc\u00ea o Colar Cora\u00e7\u00e3o Cravejado, uma pe\u00e7a de alta qualidade e eleg\u00e2ncia extrema. O cora\u00e7\u00e3o cravejado em pedras zirc\u00f4nia \u00e9 o destaque deste colar, adicionando um toque de brilho e glamour \u00e0 sua apar\u00eancia. As pedras zirc\u00f4nia s\u00e3o conhecidas por sua [&hellip;]<\/p>\n","protected":false},"featured_media":19488,"comment_status":"closed","ping_status":"closed","template":"","meta":[],"pwb-brand":[],"product_brand":[],"product_cat":[178,71,114],"product_tag":[180,181,75,90],"class_list":{"0":"post-19462","1":"product","2":"type-product","3":"status-publish","4":"has-post-thumbnail","6":"product_cat-colares","7":"product_cat-feminino","8":"product_cat-mais-vendidos","9":"product_tag-colar","10":"product_tag-colares","11":"product_tag-coracao","12":"product_tag-cravejado","14":"first","15":"instock","16":"shipping-taxable","17":"purchasable","18":"product-type-variable"},"brands":[],"_links":{"self":[{"href":"https:\/\/www.venezapratas.com.br\/index.php?rest_route=\/wp\/v2\/product\/19462","targetHints":{"allow":["GET"]}}],"collection":[{"href":"https:\/\/www.venezapratas.com.br\/index.php?rest_route=\/wp\/v2\/product"}],"about":[{"href":"https:\/\/www.venezapratas.com.br\/index.php?rest_route=\/wp\/v2\/types\/product"}],"replies":[{"embeddable":true,"href":"https:\/\/www.venezapratas.com.br\/index.php?rest_route=%2Fwp%2Fv2%2Fcomments&post=19462"}],"wp:featuredmedia":[{"embeddable":true,"href":"https:\/\/www.venezapratas.com.br\/index.php?rest_route=\/wp\/v2\/media\/19488"}],"wp:attachment":[{"href":"https:\/\/www.venezapratas.com.br\/index.php?rest_route=%2Fwp%2Fv2%2Fmedia&parent=19462"}],"wp:term":[{"taxonomy":"pwb-brand","embeddable":true,"href":"https:\/\/www.venezapratas.com.br\/index.php?rest_route=%2Fwp%2Fv2%2Fpwb-brand&post=19462"},{"taxonomy":"product_brand","embeddable":true,"href":"https:\/\/www.venezapratas.com.br\/index.php?rest_route=%2Fwp%2Fv2%2Fproduct_brand&post=19462"},{"taxonomy":"product_cat","embeddable":true,"href":"https:\/\/www.venezapratas.com.br\/index.php?rest_route=%2Fwp%2Fv2%2Fproduct_cat&post=19462"},{"taxonomy":"product_tag","embeddable":true,"href":"https:\/\/www.venezapratas.com.br\/index.php?rest_route=%2Fwp%2Fv2%2Fproduct_tag&post=19462"}],"curies":[{"name":"wp","href":"https:\/\/api.w.org\/{rel}","templated":true}]}}