{"id":19328,"date":"2025-04-06T20:34:27","date_gmt":"2025-04-06T23:34:27","guid":{"rendered":"https:\/\/www.venezapratas.com.br\/?post_type=product&#038;p=19328"},"modified":"2025-12-01T08:13:14","modified_gmt":"2025-12-01T11:13:14","slug":"piercing-reto-zirconia-coracao","status":"publish","type":"product","link":"https:\/\/www.venezapratas.com.br\/?product=piercing-reto-zirconia-coracao","title":{"rendered":"Piercing reto zirc\u00f4nia cora\u00e7\u00e3o"},"content":{"rendered":"<ul>\n<li>Material: Prata 925 com haste em a\u00e7o cir\u00fargico<\/li>\n<li>Peso: 0,21g<\/li>\n<li>Medida pingente: 3mm<\/li>\n<li>Medida haste: 5,5mm<\/li>\n<li>Usado em : Tragus, conch &#8230;<\/li>\n<\/ul>\n","protected":false},"excerpt":{"rendered":"<p>Material: Prata 925 com haste em a\u00e7o cir\u00fargico Peso: 0,21g Medida pingente: 3mm Medida haste: 5,5mm Usado em : Tragus, conch &#8230;<\/p>\n","protected":false},"featured_media":19371,"comment_status":"closed","ping_status":"closed","template":"","meta":[],"pwb-brand":[],"product_brand":[],"product_cat":[153,71,154,152,155],"product_tag":[156,157,158,159],"class_list":{"0":"post-19328","1":"product","2":"type-product","3":"status-publish","4":"has-post-thumbnail","6":"product_cat-conch","7":"product_cat-feminino","8":"product_cat-helix","9":"product_cat-piercings","10":"product_cat-tragus","11":"product_tag-conch","12":"product_tag-piercing","13":"product_tag-reto","14":"product_tag-tragus","16":"first","17":"instock","18":"shipping-taxable","19":"purchasable","20":"product-type-simple"},"brands":[],"_links":{"self":[{"href":"https:\/\/www.venezapratas.com.br\/index.php?rest_route=\/wp\/v2\/product\/19328","targetHints":{"allow":["GET"]}}],"collection":[{"href":"https:\/\/www.venezapratas.com.br\/index.php?rest_route=\/wp\/v2\/product"}],"about":[{"href":"https:\/\/www.venezapratas.com.br\/index.php?rest_route=\/wp\/v2\/types\/product"}],"replies":[{"embeddable":true,"href":"https:\/\/www.venezapratas.com.br\/index.php?rest_route=%2Fwp%2Fv2%2Fcomments&post=19328"}],"wp:featuredmedia":[{"embeddable":true,"href":"https:\/\/www.venezapratas.com.br\/index.php?rest_route=\/wp\/v2\/media\/19371"}],"wp:attachment":[{"href":"https:\/\/www.venezapratas.com.br\/index.php?rest_route=%2Fwp%2Fv2%2Fmedia&parent=19328"}],"wp:term":[{"taxonomy":"pwb-brand","embeddable":true,"href":"https:\/\/www.venezapratas.com.br\/index.php?rest_route=%2Fwp%2Fv2%2Fpwb-brand&post=19328"},{"taxonomy":"product_brand","embeddable":true,"href":"https:\/\/www.venezapratas.com.br\/index.php?rest_route=%2Fwp%2Fv2%2Fproduct_brand&post=19328"},{"taxonomy":"product_cat","embeddable":true,"href":"https:\/\/www.venezapratas.com.br\/index.php?rest_route=%2Fwp%2Fv2%2Fproduct_cat&post=19328"},{"taxonomy":"product_tag","embeddable":true,"href":"https:\/\/www.venezapratas.com.br\/index.php?rest_route=%2Fwp%2Fv2%2Fproduct_tag&post=19328"}],"curies":[{"name":"wp","href":"https:\/\/api.w.org\/{rel}","templated":true}]}}