{"id":19091,"date":"2025-04-06T20:30:23","date_gmt":"2025-04-06T23:30:23","guid":{"rendered":"https:\/\/www.venezapratas.com.br\/?post_type=product&#038;p=19091"},"modified":"2026-01-06T08:02:05","modified_gmt":"2026-01-06T11:02:05","slug":"berloque-libelula-2","status":"publish","type":"product","link":"https:\/\/www.venezapratas.com.br\/?product=berloque-libelula-2","title":{"rendered":"Berloque lib\u00e9lula"},"content":{"rendered":"<p>Todos os nossos berloques s\u00e3o produzidos em<strong> Prata 925<\/strong> e s\u00e3o compat\u00edveis com todas as pulseiras e braceletes para berloques e charms do mercado atual.<\/p>\n<p>Conte a sua hist\u00f3ria com cada berloque e crie um bracelete colecionado de mem\u00f3rias.<\/p>\n<ul>\n<li style=\"list-style-type: none;\">\n<ul>\n<li>Material: Prata 925<\/li>\n<li>Tamanho: 11mm<\/li>\n<\/ul>\n<\/li>\n<\/ul>\n","protected":false},"excerpt":{"rendered":"<p>Todos os nossos berloques s\u00e3o produzidos em Prata 925 e s\u00e3o compat\u00edveis com todas as pulseiras e braceletes para berloques e charms do mercado atual. Conte a sua hist\u00f3ria com cada berloque e crie um bracelete colecionado de mem\u00f3rias. Material: Prata 925 Tamanho: 11mm<\/p>\n","protected":false},"featured_media":0,"comment_status":"closed","ping_status":"closed","template":"","meta":[],"pwb-brand":[],"product_brand":[],"product_cat":[220,71],"product_tag":[221,222,204],"class_list":{"0":"post-19091","1":"product","2":"type-product","3":"status-publish","5":"product_cat-berloques","6":"product_cat-feminino","7":"product_tag-berloque","8":"product_tag-berloques","9":"product_tag-pandora","11":"first","12":"instock","13":"shipping-taxable","14":"purchasable","15":"product-type-simple"},"brands":[],"_links":{"self":[{"href":"https:\/\/www.venezapratas.com.br\/index.php?rest_route=\/wp\/v2\/product\/19091","targetHints":{"allow":["GET"]}}],"collection":[{"href":"https:\/\/www.venezapratas.com.br\/index.php?rest_route=\/wp\/v2\/product"}],"about":[{"href":"https:\/\/www.venezapratas.com.br\/index.php?rest_route=\/wp\/v2\/types\/product"}],"replies":[{"embeddable":true,"href":"https:\/\/www.venezapratas.com.br\/index.php?rest_route=%2Fwp%2Fv2%2Fcomments&post=19091"}],"wp:attachment":[{"href":"https:\/\/www.venezapratas.com.br\/index.php?rest_route=%2Fwp%2Fv2%2Fmedia&parent=19091"}],"wp:term":[{"taxonomy":"pwb-brand","embeddable":true,"href":"https:\/\/www.venezapratas.com.br\/index.php?rest_route=%2Fwp%2Fv2%2Fpwb-brand&post=19091"},{"taxonomy":"product_brand","embeddable":true,"href":"https:\/\/www.venezapratas.com.br\/index.php?rest_route=%2Fwp%2Fv2%2Fproduct_brand&post=19091"},{"taxonomy":"product_cat","embeddable":true,"href":"https:\/\/www.venezapratas.com.br\/index.php?rest_route=%2Fwp%2Fv2%2Fproduct_cat&post=19091"},{"taxonomy":"product_tag","embeddable":true,"href":"https:\/\/www.venezapratas.com.br\/index.php?rest_route=%2Fwp%2Fv2%2Fproduct_tag&post=19091"}],"curies":[{"name":"wp","href":"https:\/\/api.w.org\/{rel}","templated":true}]}}