{"id":18935,"date":"2025-04-06T20:29:51","date_gmt":"2025-04-06T23:29:51","guid":{"rendered":"https:\/\/www.venezapratas.com.br\/?post_type=product&#038;p=18935"},"modified":"2026-01-29T07:47:29","modified_gmt":"2026-01-29T10:47:29","slug":"berloque-corrente-seguranca","status":"publish","type":"product","link":"https:\/\/www.venezapratas.com.br\/?product=berloque-corrente-seguranca","title":{"rendered":"Berloque corrente seguran\u00e7a"},"content":{"rendered":"<p>Todos os nossos berloques s\u00e3o produzidos em<strong> Prata 925<\/strong> e s\u00e3o compat\u00edveis com todas as pulseiras e braceletes para berloques e charms do mercado atual.<\/p>\n<p>As correntes de seguran\u00e7a, como o pr\u00f3prio nome diz, s\u00e3o a seguran\u00e7a para sua pulseira, elas evitam que ao abrir sua pulseira seus berloques caiam ao ch\u00e3o e estraguem ou sumam, e at\u00e9 mesmo seguram caso sua pulseira venha a abrir sozinha, uma pe\u00e7a indispens\u00e1vel para principalmente pulseiras que tenha muitos berloques.<\/p>\n<ul>\n<li>Material: Prata 925<\/li>\n<li>Tamanho da corrente: 7 cm<\/li>\n<\/ul>\n","protected":false},"excerpt":{"rendered":"<p>Todos os nossos berloques s\u00e3o produzidos em Prata 925 e s\u00e3o compat\u00edveis com todas as pulseiras e braceletes para berloques e charms do mercado atual. As correntes de seguran\u00e7a, como o pr\u00f3prio nome diz, s\u00e3o a seguran\u00e7a para sua pulseira, elas evitam que ao abrir sua pulseira seus berloques caiam ao ch\u00e3o e estraguem ou [&hellip;]<\/p>\n","protected":false},"featured_media":17222,"comment_status":"closed","ping_status":"closed","template":"","meta":[],"pwb-brand":[],"product_brand":[],"product_cat":[220,71],"product_tag":[221,222,204,404,405],"class_list":{"0":"post-18935","1":"product","2":"type-product","3":"status-publish","4":"has-post-thumbnail","6":"product_cat-berloques","7":"product_cat-feminino","8":"product_tag-berloque","9":"product_tag-berloques","10":"product_tag-pandora","11":"product_tag-seguranca","12":"product_tag-trava","14":"first","15":"instock","16":"shipping-taxable","17":"purchasable","18":"product-type-simple"},"brands":[],"_links":{"self":[{"href":"https:\/\/www.venezapratas.com.br\/index.php?rest_route=\/wp\/v2\/product\/18935","targetHints":{"allow":["GET"]}}],"collection":[{"href":"https:\/\/www.venezapratas.com.br\/index.php?rest_route=\/wp\/v2\/product"}],"about":[{"href":"https:\/\/www.venezapratas.com.br\/index.php?rest_route=\/wp\/v2\/types\/product"}],"replies":[{"embeddable":true,"href":"https:\/\/www.venezapratas.com.br\/index.php?rest_route=%2Fwp%2Fv2%2Fcomments&post=18935"}],"wp:featuredmedia":[{"embeddable":true,"href":"https:\/\/www.venezapratas.com.br\/index.php?rest_route=\/wp\/v2\/media\/17222"}],"wp:attachment":[{"href":"https:\/\/www.venezapratas.com.br\/index.php?rest_route=%2Fwp%2Fv2%2Fmedia&parent=18935"}],"wp:term":[{"taxonomy":"pwb-brand","embeddable":true,"href":"https:\/\/www.venezapratas.com.br\/index.php?rest_route=%2Fwp%2Fv2%2Fpwb-brand&post=18935"},{"taxonomy":"product_brand","embeddable":true,"href":"https:\/\/www.venezapratas.com.br\/index.php?rest_route=%2Fwp%2Fv2%2Fproduct_brand&post=18935"},{"taxonomy":"product_cat","embeddable":true,"href":"https:\/\/www.venezapratas.com.br\/index.php?rest_route=%2Fwp%2Fv2%2Fproduct_cat&post=18935"},{"taxonomy":"product_tag","embeddable":true,"href":"https:\/\/www.venezapratas.com.br\/index.php?rest_route=%2Fwp%2Fv2%2Fproduct_tag&post=18935"}],"curies":[{"name":"wp","href":"https:\/\/api.w.org\/{rel}","templated":true}]}}