{"id":18702,"date":"2025-04-06T20:28:57","date_gmt":"2025-04-06T23:28:57","guid":{"rendered":"https:\/\/www.venezapratas.com.br\/?post_type=product&#038;p=18702"},"modified":"2026-03-12T12:56:27","modified_gmt":"2026-03-12T15:56:27","slug":"berloque-borboleta-dupla-mae-e-filha","status":"publish","type":"product","link":"https:\/\/www.venezapratas.com.br\/?product=berloque-borboleta-dupla-mae-e-filha","title":{"rendered":"Berloque cora\u00e7\u00e3o Dupla M\u00e3e e Filha"},"content":{"rendered":"<ul>\n<li>Material: Prata 925<\/li>\n<li>Tamanho: 12mm<\/li>\n<\/ul>\n","protected":false},"excerpt":{"rendered":"<p>Material: Prata 925 Tamanho: 12mm<\/p>\n","protected":false},"featured_media":20929,"comment_status":"closed","ping_status":"closed","template":"","meta":[],"pwb-brand":[],"product_brand":[],"product_cat":[220,71],"product_tag":[],"class_list":{"0":"post-18702","1":"product","2":"type-product","3":"status-publish","4":"has-post-thumbnail","6":"product_cat-berloques","7":"product_cat-feminino","9":"first","10":"instock","11":"shipping-taxable","12":"purchasable","13":"product-type-variable"},"brands":[],"_links":{"self":[{"href":"https:\/\/www.venezapratas.com.br\/index.php?rest_route=\/wp\/v2\/product\/18702","targetHints":{"allow":["GET"]}}],"collection":[{"href":"https:\/\/www.venezapratas.com.br\/index.php?rest_route=\/wp\/v2\/product"}],"about":[{"href":"https:\/\/www.venezapratas.com.br\/index.php?rest_route=\/wp\/v2\/types\/product"}],"replies":[{"embeddable":true,"href":"https:\/\/www.venezapratas.com.br\/index.php?rest_route=%2Fwp%2Fv2%2Fcomments&post=18702"}],"wp:featuredmedia":[{"embeddable":true,"href":"https:\/\/www.venezapratas.com.br\/index.php?rest_route=\/wp\/v2\/media\/20929"}],"wp:attachment":[{"href":"https:\/\/www.venezapratas.com.br\/index.php?rest_route=%2Fwp%2Fv2%2Fmedia&parent=18702"}],"wp:term":[{"taxonomy":"pwb-brand","embeddable":true,"href":"https:\/\/www.venezapratas.com.br\/index.php?rest_route=%2Fwp%2Fv2%2Fpwb-brand&post=18702"},{"taxonomy":"product_brand","embeddable":true,"href":"https:\/\/www.venezapratas.com.br\/index.php?rest_route=%2Fwp%2Fv2%2Fproduct_brand&post=18702"},{"taxonomy":"product_cat","embeddable":true,"href":"https:\/\/www.venezapratas.com.br\/index.php?rest_route=%2Fwp%2Fv2%2Fproduct_cat&post=18702"},{"taxonomy":"product_tag","embeddable":true,"href":"https:\/\/www.venezapratas.com.br\/index.php?rest_route=%2Fwp%2Fv2%2Fproduct_tag&post=18702"}],"curies":[{"name":"wp","href":"https:\/\/api.w.org\/{rel}","templated":true}]}}