{"id":17904,"date":"2025-04-06T20:25:48","date_gmt":"2025-04-06T23:25:48","guid":{"rendered":"https:\/\/www.venezapratas.com.br\/?post_type=product&#038;p=17904"},"modified":"2026-03-12T13:03:48","modified_gmt":"2026-03-12T16:03:48","slug":"conjunto-ponto-de-luz-redondo","status":"publish","type":"product","link":"https:\/\/www.venezapratas.com.br\/?product=conjunto-ponto-de-luz-redondo","title":{"rendered":"Conjunto ponto de luz redondo"},"content":{"rendered":"<p><a class=\"mb-button mb-style-traditional mb-size-small mb-corners-pill mb-text-style-heavy \" style=\"background-color: #010d06;\" href=\"https:\/\/venezapratas.com.br\/medidas-de-colares\/\">DESCOBRIR MEU TAMANHO<\/a><\/p>\n<ul>\n<li>Material: Prata 925<\/li>\n<li>Tamanho da corrente: 45cm<\/li>\n<li>Tamanho do pingente: 6mm<\/li>\n<li>Tamanho do brincos: 6mm<\/li>\n<li>Apresentamos o Conjunto Ponto de Luz Redondo, uma pe\u00e7a em prata 925 que ir\u00e1 encantar as mulheres mais exigentes. Com um design delicado e elegante, este conjunto \u00e9 composto por um par de brincos e um colar, ambos adornados com uma pedra de zirc\u00f4nia que reluz em um brilho intenso. A corrente veneziana, que acompanha o colar, \u00e9 fina e delicada, proporcionando um caimento perfeito no pesco\u00e7o, esta pe\u00e7a \u00e9 perfeita para ser usada em qualquer ocasi\u00e3o, seja em um evento formal ou casual.<\/li>\n<\/ul>\n","protected":false},"excerpt":{"rendered":"<p>DESCOBRIR MEU TAMANHO Material: Prata 925 Tamanho da corrente: 45cm Tamanho do pingente: 6mm Tamanho do brincos: 6mm Apresentamos o Conjunto Ponto de Luz Redondo, uma pe\u00e7a em prata 925 que ir\u00e1 encantar as mulheres mais exigentes. Com um design delicado e elegante, este conjunto \u00e9 composto por um par de brincos e um colar, [&hellip;]<\/p>\n","protected":false},"featured_media":21592,"comment_status":"closed","ping_status":"closed","template":"","meta":[],"pwb-brand":[],"product_brand":[],"product_cat":[178,217,71],"product_tag":[73,74,180,181,218,77],"class_list":{"0":"post-17904","1":"product","2":"type-product","3":"status-publish","4":"has-post-thumbnail","6":"product_cat-colares","7":"product_cat-conjuntos","8":"product_cat-feminino","9":"product_tag-brinco","10":"product_tag-brincos","11":"product_tag-colar","12":"product_tag-colares","13":"product_tag-conjunto","14":"product_tag-zirconia","16":"first","17":"instock","18":"shipping-taxable","19":"purchasable","20":"product-type-simple"},"brands":[],"_links":{"self":[{"href":"https:\/\/www.venezapratas.com.br\/index.php?rest_route=\/wp\/v2\/product\/17904","targetHints":{"allow":["GET"]}}],"collection":[{"href":"https:\/\/www.venezapratas.com.br\/index.php?rest_route=\/wp\/v2\/product"}],"about":[{"href":"https:\/\/www.venezapratas.com.br\/index.php?rest_route=\/wp\/v2\/types\/product"}],"replies":[{"embeddable":true,"href":"https:\/\/www.venezapratas.com.br\/index.php?rest_route=%2Fwp%2Fv2%2Fcomments&post=17904"}],"wp:featuredmedia":[{"embeddable":true,"href":"https:\/\/www.venezapratas.com.br\/index.php?rest_route=\/wp\/v2\/media\/21592"}],"wp:attachment":[{"href":"https:\/\/www.venezapratas.com.br\/index.php?rest_route=%2Fwp%2Fv2%2Fmedia&parent=17904"}],"wp:term":[{"taxonomy":"pwb-brand","embeddable":true,"href":"https:\/\/www.venezapratas.com.br\/index.php?rest_route=%2Fwp%2Fv2%2Fpwb-brand&post=17904"},{"taxonomy":"product_brand","embeddable":true,"href":"https:\/\/www.venezapratas.com.br\/index.php?rest_route=%2Fwp%2Fv2%2Fproduct_brand&post=17904"},{"taxonomy":"product_cat","embeddable":true,"href":"https:\/\/www.venezapratas.com.br\/index.php?rest_route=%2Fwp%2Fv2%2Fproduct_cat&post=17904"},{"taxonomy":"product_tag","embeddable":true,"href":"https:\/\/www.venezapratas.com.br\/index.php?rest_route=%2Fwp%2Fv2%2Fproduct_tag&post=17904"}],"curies":[{"name":"wp","href":"https:\/\/api.w.org\/{rel}","templated":true}]}}