{"id":17690,"date":"2025-04-06T20:24:53","date_gmt":"2025-04-06T23:24:53","guid":{"rendered":"https:\/\/www.venezapratas.com.br\/?post_type=product&#038;p=17690"},"modified":"2025-08-14T22:57:29","modified_gmt":"2025-08-15T01:57:29","slug":"flanela-magica","status":"publish","type":"product","link":"https:\/\/www.venezapratas.com.br\/?product=flanela-magica","title":{"rendered":"Flanela M\u00e1gica"},"content":{"rendered":"<ul>\n<li>Espec\u00edfico para limpeza de j\u00f3ias.<\/li>\n<li>Ideal para dar brilho as pe\u00e7as.<\/li>\n<li>Produto reutiliz\u00e1vel<\/li>\n<li>Possui agentes qu\u00edmicos por isso N\u00c3O pode ser lavada, para que n\u00e3o remova esses agentes e mantenha sua efic\u00e1cia.<\/li>\n<li>Tamanho 10&#215;8 cm.<\/li>\n<\/ul>\n","protected":false},"excerpt":{"rendered":"<p>Espec\u00edfico para limpeza de j\u00f3ias. Ideal para dar brilho as pe\u00e7as. Produto reutiliz\u00e1vel Possui agentes qu\u00edmicos por isso N\u00c3O pode ser lavada, para que n\u00e3o remova esses agentes e mantenha sua efic\u00e1cia. Tamanho 10&#215;8 cm.<\/p>\n","protected":false},"featured_media":14199,"comment_status":"closed","ping_status":"closed","template":"","meta":[],"pwb-brand":[],"product_brand":[],"product_cat":[235],"product_tag":[269,270,271],"class_list":{"0":"post-17690","1":"product","2":"type-product","3":"status-publish","4":"has-post-thumbnail","6":"product_cat-outros","7":"product_tag-flanela","8":"product_tag-franela","9":"product_tag-magica","11":"first","12":"instock","13":"shipping-taxable","14":"purchasable","15":"product-type-simple"},"brands":[],"_links":{"self":[{"href":"https:\/\/www.venezapratas.com.br\/index.php?rest_route=\/wp\/v2\/product\/17690","targetHints":{"allow":["GET"]}}],"collection":[{"href":"https:\/\/www.venezapratas.com.br\/index.php?rest_route=\/wp\/v2\/product"}],"about":[{"href":"https:\/\/www.venezapratas.com.br\/index.php?rest_route=\/wp\/v2\/types\/product"}],"replies":[{"embeddable":true,"href":"https:\/\/www.venezapratas.com.br\/index.php?rest_route=%2Fwp%2Fv2%2Fcomments&post=17690"}],"wp:featuredmedia":[{"embeddable":true,"href":"https:\/\/www.venezapratas.com.br\/index.php?rest_route=\/wp\/v2\/media\/14199"}],"wp:attachment":[{"href":"https:\/\/www.venezapratas.com.br\/index.php?rest_route=%2Fwp%2Fv2%2Fmedia&parent=17690"}],"wp:term":[{"taxonomy":"pwb-brand","embeddable":true,"href":"https:\/\/www.venezapratas.com.br\/index.php?rest_route=%2Fwp%2Fv2%2Fpwb-brand&post=17690"},{"taxonomy":"product_brand","embeddable":true,"href":"https:\/\/www.venezapratas.com.br\/index.php?rest_route=%2Fwp%2Fv2%2Fproduct_brand&post=17690"},{"taxonomy":"product_cat","embeddable":true,"href":"https:\/\/www.venezapratas.com.br\/index.php?rest_route=%2Fwp%2Fv2%2Fproduct_cat&post=17690"},{"taxonomy":"product_tag","embeddable":true,"href":"https:\/\/www.venezapratas.com.br\/index.php?rest_route=%2Fwp%2Fv2%2Fproduct_tag&post=17690"}],"curies":[{"name":"wp","href":"https:\/\/api.w.org\/{rel}","templated":true}]}}