{"id":17651,"date":"2025-04-06T20:24:34","date_gmt":"2025-04-06T23:24:34","guid":{"rendered":"https:\/\/www.venezapratas.com.br\/?post_type=product&#038;p=17651"},"modified":"2026-03-12T12:58:26","modified_gmt":"2026-03-12T15:58:26","slug":"trio-zirconia-redondo","status":"publish","type":"product","link":"https:\/\/www.venezapratas.com.br\/?product=trio-zirconia-redondo","title":{"rendered":"Trio zirc\u00f4nia redondo"},"content":{"rendered":"<ul>\n<li>Material: Prata 925<\/li>\n<li>Peso: 1,63g<\/li>\n<li>Tamanho: 6mm\/5mm\/4mm<\/li>\n<\/ul>\n<p>O trio de brincos em prata 925 com zirc\u00f4nias \u00e9 a op\u00e7\u00e3o ideal para mulheres que n\u00e3o abrem m\u00e3o de eleg\u00e2ncia e sofistica\u00e7\u00e3o quando o assunto \u00e9 acess\u00f3rio. Composto por 3 pares de brincos, esse kit oferece varia\u00e7\u00e3o e possibilidades de combina\u00e7\u00e3o para todas as ocasi\u00f5es.<br \/>\nCada par de brincos \u00e9 cuidadosamente confeccionado com materiais de alta qualidade para garantir durabilidade e beleza. As zirc\u00f4nias s\u00e3o pedras sint\u00e9ticas que possuem brilho e transpar\u00eancia. O trio t\u00e3o adorado \u00e9 pe\u00e7a coringa que n\u00e3o pode faltar no seu porta joias, perfeito para qualquer ocasi\u00e3o, principalmente para o dia a dia, f\u00e1cil de combinar e ainda melhor, com aquele precinho que a gente ama.<\/p>\n","protected":false},"excerpt":{"rendered":"<p>Material: Prata 925 Peso: 1,63g Tamanho: 6mm\/5mm\/4mm O trio de brincos em prata 925 com zirc\u00f4nias \u00e9 a op\u00e7\u00e3o ideal para mulheres que n\u00e3o abrem m\u00e3o de eleg\u00e2ncia e sofistica\u00e7\u00e3o quando o assunto \u00e9 acess\u00f3rio. Composto por 3 pares de brincos, esse kit oferece varia\u00e7\u00e3o e possibilidades de combina\u00e7\u00e3o para todas as ocasi\u00f5es. Cada par [&hellip;]<\/p>\n","protected":false},"featured_media":14112,"comment_status":"closed","ping_status":"closed","template":"","meta":[],"pwb-brand":[],"product_brand":[],"product_cat":[72,71,114,82],"product_tag":[74,85,77],"class_list":{"0":"post-17651","1":"product","2":"type-product","3":"status-publish","4":"has-post-thumbnail","6":"product_cat-brincos","7":"product_cat-feminino","8":"product_cat-mais-vendidos","9":"product_cat-trio","10":"product_tag-brincos","11":"product_tag-trio","12":"product_tag-zirconia","14":"first","15":"instock","16":"shipping-taxable","17":"purchasable","18":"product-type-simple"},"brands":[],"_links":{"self":[{"href":"https:\/\/www.venezapratas.com.br\/index.php?rest_route=\/wp\/v2\/product\/17651","targetHints":{"allow":["GET"]}}],"collection":[{"href":"https:\/\/www.venezapratas.com.br\/index.php?rest_route=\/wp\/v2\/product"}],"about":[{"href":"https:\/\/www.venezapratas.com.br\/index.php?rest_route=\/wp\/v2\/types\/product"}],"replies":[{"embeddable":true,"href":"https:\/\/www.venezapratas.com.br\/index.php?rest_route=%2Fwp%2Fv2%2Fcomments&post=17651"}],"wp:featuredmedia":[{"embeddable":true,"href":"https:\/\/www.venezapratas.com.br\/index.php?rest_route=\/wp\/v2\/media\/14112"}],"wp:attachment":[{"href":"https:\/\/www.venezapratas.com.br\/index.php?rest_route=%2Fwp%2Fv2%2Fmedia&parent=17651"}],"wp:term":[{"taxonomy":"pwb-brand","embeddable":true,"href":"https:\/\/www.venezapratas.com.br\/index.php?rest_route=%2Fwp%2Fv2%2Fpwb-brand&post=17651"},{"taxonomy":"product_brand","embeddable":true,"href":"https:\/\/www.venezapratas.com.br\/index.php?rest_route=%2Fwp%2Fv2%2Fproduct_brand&post=17651"},{"taxonomy":"product_cat","embeddable":true,"href":"https:\/\/www.venezapratas.com.br\/index.php?rest_route=%2Fwp%2Fv2%2Fproduct_cat&post=17651"},{"taxonomy":"product_tag","embeddable":true,"href":"https:\/\/www.venezapratas.com.br\/index.php?rest_route=%2Fwp%2Fv2%2Fproduct_tag&post=17651"}],"curies":[{"name":"wp","href":"https:\/\/api.w.org\/{rel}","templated":true}]}}