{"id":17650,"date":"2025-04-06T20:24:34","date_gmt":"2025-04-06T23:24:34","guid":{"rendered":"https:\/\/www.venezapratas.com.br\/?post_type=product&#038;p=17650"},"modified":"2026-04-07T16:32:30","modified_gmt":"2026-04-07T19:32:30","slug":"monzi-limpa-pratas-35ml","status":"publish","type":"product","link":"https:\/\/www.venezapratas.com.br\/?product=monzi-limpa-pratas-35ml","title":{"rendered":"Monzi limpa pratas 35ml"},"content":{"rendered":"<ul>\n<li>Produto especifico para limpeza de prata branca e pedras cristalinas<\/li>\n<li>N\u00e3o pode ser usado em prata envelhecida, rodinadas e com pedras leitosas<\/li>\n<li>Reutiliz\u00e1vel<\/li>\n<li>Limpeza em at\u00e9 10 segundos<\/li>\n<\/ul>\n","protected":false},"excerpt":{"rendered":"<p>Produto especifico para limpeza de prata branca e pedras cristalinas N\u00e3o pode ser usado em prata envelhecida, rodinadas e com pedras leitosas Reutiliz\u00e1vel Limpeza em at\u00e9 10 segundos<\/p>\n","protected":false},"featured_media":14111,"comment_status":"closed","ping_status":"closed","template":"","meta":[],"pwb-brand":[],"product_brand":[],"product_cat":[235],"product_tag":[237,238,239],"class_list":{"0":"post-17650","1":"product","2":"type-product","3":"status-publish","4":"has-post-thumbnail","6":"product_cat-outros","7":"product_tag-limpa","8":"product_tag-monzi","9":"product_tag-prata","11":"first","12":"instock","13":"shipping-taxable","14":"purchasable","15":"product-type-simple"},"brands":[],"_links":{"self":[{"href":"https:\/\/www.venezapratas.com.br\/index.php?rest_route=\/wp\/v2\/product\/17650","targetHints":{"allow":["GET"]}}],"collection":[{"href":"https:\/\/www.venezapratas.com.br\/index.php?rest_route=\/wp\/v2\/product"}],"about":[{"href":"https:\/\/www.venezapratas.com.br\/index.php?rest_route=\/wp\/v2\/types\/product"}],"replies":[{"embeddable":true,"href":"https:\/\/www.venezapratas.com.br\/index.php?rest_route=%2Fwp%2Fv2%2Fcomments&post=17650"}],"wp:featuredmedia":[{"embeddable":true,"href":"https:\/\/www.venezapratas.com.br\/index.php?rest_route=\/wp\/v2\/media\/14111"}],"wp:attachment":[{"href":"https:\/\/www.venezapratas.com.br\/index.php?rest_route=%2Fwp%2Fv2%2Fmedia&parent=17650"}],"wp:term":[{"taxonomy":"pwb-brand","embeddable":true,"href":"https:\/\/www.venezapratas.com.br\/index.php?rest_route=%2Fwp%2Fv2%2Fpwb-brand&post=17650"},{"taxonomy":"product_brand","embeddable":true,"href":"https:\/\/www.venezapratas.com.br\/index.php?rest_route=%2Fwp%2Fv2%2Fproduct_brand&post=17650"},{"taxonomy":"product_cat","embeddable":true,"href":"https:\/\/www.venezapratas.com.br\/index.php?rest_route=%2Fwp%2Fv2%2Fproduct_cat&post=17650"},{"taxonomy":"product_tag","embeddable":true,"href":"https:\/\/www.venezapratas.com.br\/index.php?rest_route=%2Fwp%2Fv2%2Fproduct_tag&post=17650"}],"curies":[{"name":"wp","href":"https:\/\/api.w.org\/{rel}","templated":true}]}}