{"id":17580,"date":"2025-04-06T20:24:18","date_gmt":"2025-04-06T23:24:18","guid":{"rendered":"https:\/\/www.venezapratas.com.br\/?post_type=product&#038;p=17580"},"modified":"2026-03-28T14:07:19","modified_gmt":"2026-03-28T17:07:19","slug":"piercing-argola-cravejada-torcao","status":"publish","type":"product","link":"https:\/\/www.venezapratas.com.br\/?product=piercing-argola-cravejada-torcao","title":{"rendered":"Piercing argola cravejada tor\u00e7\u00e3o"},"content":{"rendered":"<ul>\n<li>Material: Prata 925<\/li>\n<li>Peso: 0,23g<\/li>\n<li>Medida: 7mm<\/li>\n<li>Usado em: h\u00e9lix ou nariz<\/li>\n<\/ul>\n<p>Para quem ama brilho, \u00e9 despojada e quer sair do b\u00e1sico mas n\u00e3o despensa uma argola, esse \u00e9 o modelo perfeito. Possui fecho de tor\u00e7\u00e3o que facilitam muito na hora de colocar.<\/p>\n","protected":false},"excerpt":{"rendered":"<p>Material: Prata 925 Peso: 0,23g Medida: 7mm Usado em: h\u00e9lix ou nariz Para quem ama brilho, \u00e9 despojada e quer sair do b\u00e1sico mas n\u00e3o despensa uma argola, esse \u00e9 o modelo perfeito. Possui fecho de tor\u00e7\u00e3o que facilitam muito na hora de colocar.<\/p>\n","protected":false},"featured_media":13953,"comment_status":"closed","ping_status":"closed","template":"","meta":[],"pwb-brand":[],"product_brand":[],"product_cat":[71,154,168,152],"product_tag":[175,90,163,169,157],"class_list":{"0":"post-17580","1":"product","2":"type-product","3":"status-publish","4":"has-post-thumbnail","6":"product_cat-feminino","7":"product_cat-helix","8":"product_cat-nariz","9":"product_cat-piercings","10":"product_tag-argola","11":"product_tag-cravejado","12":"product_tag-helix","13":"product_tag-nariz","14":"product_tag-piercing","16":"first","17":"instock","18":"featured","19":"shipping-taxable","20":"purchasable","21":"product-type-simple"},"brands":[],"_links":{"self":[{"href":"https:\/\/www.venezapratas.com.br\/index.php?rest_route=\/wp\/v2\/product\/17580","targetHints":{"allow":["GET"]}}],"collection":[{"href":"https:\/\/www.venezapratas.com.br\/index.php?rest_route=\/wp\/v2\/product"}],"about":[{"href":"https:\/\/www.venezapratas.com.br\/index.php?rest_route=\/wp\/v2\/types\/product"}],"replies":[{"embeddable":true,"href":"https:\/\/www.venezapratas.com.br\/index.php?rest_route=%2Fwp%2Fv2%2Fcomments&post=17580"}],"wp:featuredmedia":[{"embeddable":true,"href":"https:\/\/www.venezapratas.com.br\/index.php?rest_route=\/wp\/v2\/media\/13953"}],"wp:attachment":[{"href":"https:\/\/www.venezapratas.com.br\/index.php?rest_route=%2Fwp%2Fv2%2Fmedia&parent=17580"}],"wp:term":[{"taxonomy":"pwb-brand","embeddable":true,"href":"https:\/\/www.venezapratas.com.br\/index.php?rest_route=%2Fwp%2Fv2%2Fpwb-brand&post=17580"},{"taxonomy":"product_brand","embeddable":true,"href":"https:\/\/www.venezapratas.com.br\/index.php?rest_route=%2Fwp%2Fv2%2Fproduct_brand&post=17580"},{"taxonomy":"product_cat","embeddable":true,"href":"https:\/\/www.venezapratas.com.br\/index.php?rest_route=%2Fwp%2Fv2%2Fproduct_cat&post=17580"},{"taxonomy":"product_tag","embeddable":true,"href":"https:\/\/www.venezapratas.com.br\/index.php?rest_route=%2Fwp%2Fv2%2Fproduct_tag&post=17580"}],"curies":[{"name":"wp","href":"https:\/\/api.w.org\/{rel}","templated":true}]}}