{"id":17578,"date":"2025-04-06T20:24:17","date_gmt":"2025-04-06T23:24:17","guid":{"rendered":"https:\/\/www.venezapratas.com.br\/?post_type=product&#038;p=17578"},"modified":"2026-03-12T17:34:13","modified_gmt":"2026-03-12T20:34:13","slug":"piercing-nariz-argola-lisa","status":"publish","type":"product","link":"https:\/\/www.venezapratas.com.br\/?product=piercing-nariz-argola-lisa","title":{"rendered":"Piercing nariz argola lisa"},"content":{"rendered":"<ul>\n<li>Material: Prata 925<\/li>\n<li>Peso: 0,08g<\/li>\n<li>Medida: 7mm<\/li>\n<\/ul>\n<p>A cl\u00e1ssica e mais desejada a anos! Possui a haste fina e fecho de tor\u00e7\u00e3o, dispon\u00edvel em 3 medidas diferentes para que consiga o tamanho ideal para ajustar no seu furo.<\/p>\n","protected":false},"excerpt":{"rendered":"<p>Material: Prata 925 Peso: 0,08g Medida: 7mm A cl\u00e1ssica e mais desejada a anos! Possui a haste fina e fecho de tor\u00e7\u00e3o, dispon\u00edvel em 3 medidas diferentes para que consiga o tamanho ideal para ajustar no seu furo.<\/p>\n","protected":false},"featured_media":13944,"comment_status":"closed","ping_status":"closed","template":"","meta":[],"pwb-brand":[],"product_brand":[],"product_cat":[71,168,152],"product_tag":[175,177,169,157],"class_list":{"0":"post-17578","1":"product","2":"type-product","3":"status-publish","4":"has-post-thumbnail","6":"product_cat-feminino","7":"product_cat-nariz","8":"product_cat-piercings","9":"product_tag-argola","10":"product_tag-lisa","11":"product_tag-nariz","12":"product_tag-piercing","14":"first","15":"instock","16":"shipping-taxable","17":"purchasable","18":"product-type-simple"},"brands":[],"_links":{"self":[{"href":"https:\/\/www.venezapratas.com.br\/index.php?rest_route=\/wp\/v2\/product\/17578","targetHints":{"allow":["GET"]}}],"collection":[{"href":"https:\/\/www.venezapratas.com.br\/index.php?rest_route=\/wp\/v2\/product"}],"about":[{"href":"https:\/\/www.venezapratas.com.br\/index.php?rest_route=\/wp\/v2\/types\/product"}],"replies":[{"embeddable":true,"href":"https:\/\/www.venezapratas.com.br\/index.php?rest_route=%2Fwp%2Fv2%2Fcomments&post=17578"}],"wp:featuredmedia":[{"embeddable":true,"href":"https:\/\/www.venezapratas.com.br\/index.php?rest_route=\/wp\/v2\/media\/13944"}],"wp:attachment":[{"href":"https:\/\/www.venezapratas.com.br\/index.php?rest_route=%2Fwp%2Fv2%2Fmedia&parent=17578"}],"wp:term":[{"taxonomy":"pwb-brand","embeddable":true,"href":"https:\/\/www.venezapratas.com.br\/index.php?rest_route=%2Fwp%2Fv2%2Fpwb-brand&post=17578"},{"taxonomy":"product_brand","embeddable":true,"href":"https:\/\/www.venezapratas.com.br\/index.php?rest_route=%2Fwp%2Fv2%2Fproduct_brand&post=17578"},{"taxonomy":"product_cat","embeddable":true,"href":"https:\/\/www.venezapratas.com.br\/index.php?rest_route=%2Fwp%2Fv2%2Fproduct_cat&post=17578"},{"taxonomy":"product_tag","embeddable":true,"href":"https:\/\/www.venezapratas.com.br\/index.php?rest_route=%2Fwp%2Fv2%2Fproduct_tag&post=17578"}],"curies":[{"name":"wp","href":"https:\/\/api.w.org\/{rel}","templated":true}]}}