{"id":17528,"date":"2025-04-06T20:24:03","date_gmt":"2025-04-06T23:24:03","guid":{"rendered":"https:\/\/www.venezapratas.com.br\/?post_type=product&#038;p=17528"},"modified":"2025-04-06T20:24:09","modified_gmt":"2025-04-06T23:24:09","slug":"solitario-envelhecido-coracao-rosa","status":"publish","type":"product","link":"https:\/\/www.venezapratas.com.br\/?product=solitario-envelhecido-coracao-rosa","title":{"rendered":"Solit\u00e1rio envelhecido cora\u00e7\u00e3o rosa"},"content":{"rendered":"<p><a class=\"mb-button mb-style-traditional mb-size-small mb-corners-pill mb-text-style-heavy \" style=\"background-color: #010d06\" href=\"https:\/\/venezapratas.com.br\/medidas-de-aneis\/\">DESCOBRIR MEU TAMANHO<\/a><\/p>\n<ul>\n<li>Material: Prata 925<\/li>\n<\/ul>\n","protected":false},"excerpt":{"rendered":"<p>DESCOBRIR MEU TAMANHO Material: Prata 925<\/p>\n","protected":false},"featured_media":13829,"comment_status":"closed","ping_status":"closed","template":"","meta":[],"pwb-brand":[],"product_brand":[],"product_cat":[96,71,109],"product_tag":[97,98,75,106,110],"class_list":{"0":"post-17528","1":"product","2":"type-product","3":"status-publish","4":"has-post-thumbnail","6":"product_cat-aneis","7":"product_cat-feminino","8":"product_cat-solitarios","9":"product_tag-aneis","10":"product_tag-anel","11":"product_tag-coracao","12":"product_tag-envelhecido","13":"product_tag-solitario","15":"first","16":"instock","17":"shipping-taxable","18":"purchasable","19":"product-type-variable"},"brands":[],"_links":{"self":[{"href":"https:\/\/www.venezapratas.com.br\/index.php?rest_route=\/wp\/v2\/product\/17528","targetHints":{"allow":["GET"]}}],"collection":[{"href":"https:\/\/www.venezapratas.com.br\/index.php?rest_route=\/wp\/v2\/product"}],"about":[{"href":"https:\/\/www.venezapratas.com.br\/index.php?rest_route=\/wp\/v2\/types\/product"}],"replies":[{"embeddable":true,"href":"https:\/\/www.venezapratas.com.br\/index.php?rest_route=%2Fwp%2Fv2%2Fcomments&post=17528"}],"wp:featuredmedia":[{"embeddable":true,"href":"https:\/\/www.venezapratas.com.br\/index.php?rest_route=\/wp\/v2\/media\/13829"}],"wp:attachment":[{"href":"https:\/\/www.venezapratas.com.br\/index.php?rest_route=%2Fwp%2Fv2%2Fmedia&parent=17528"}],"wp:term":[{"taxonomy":"pwb-brand","embeddable":true,"href":"https:\/\/www.venezapratas.com.br\/index.php?rest_route=%2Fwp%2Fv2%2Fpwb-brand&post=17528"},{"taxonomy":"product_brand","embeddable":true,"href":"https:\/\/www.venezapratas.com.br\/index.php?rest_route=%2Fwp%2Fv2%2Fproduct_brand&post=17528"},{"taxonomy":"product_cat","embeddable":true,"href":"https:\/\/www.venezapratas.com.br\/index.php?rest_route=%2Fwp%2Fv2%2Fproduct_cat&post=17528"},{"taxonomy":"product_tag","embeddable":true,"href":"https:\/\/www.venezapratas.com.br\/index.php?rest_route=%2Fwp%2Fv2%2Fproduct_tag&post=17528"}],"curies":[{"name":"wp","href":"https:\/\/api.w.org\/{rel}","templated":true}]}}