{"id":9514,"date":"2025-01-23T14:57:26","date_gmt":"2025-01-23T17:57:26","guid":{"rendered":"https:\/\/www.venezapratas.shop\/?page_id=9514"},"modified":"2025-01-23T14:57:26","modified_gmt":"2025-01-23T17:57:26","slug":"perguntas-frequentes","status":"publish","type":"page","link":"https:\/\/www.venezapratas.com.br\/?page_id=9514","title":{"rendered":"Perguntas Frequentes"},"content":{"rendered":"\n<p><strong><em> QUE \u00c9 PRATA 925?<\/em><\/strong><br>A prata 925, tamb\u00e9m conhecida como prata de lei ou prata leg\u00edtima, cont\u00e9m 92,5% de prata em sua composi\u00e7\u00e3o e 7,5% de outros metais para fazer com que a prata fique menos male\u00e1vel e possibilitando a produ\u00e7\u00e3o de pe\u00e7as!<\/p>\n\n\n\n<p><\/p>\n\n\n\n<p><strong><em>\u00c9 NORMAL A PRATA ESCURECER?<\/em><\/strong><br>Sim! \u00c9 natural a prata oxidar, ficar escura, com o tempo de uso!<br>Isso acontece devido ao contato com suor, calor, cosm\u00e9ticos, medicamentos, contato com oxig\u00eanio e com compostos que possuem enxofre, devido a esses compostos presentes no ar a prata pode oxidar at\u00e9 mesmo sem nunca ter sido usada!<br>Al\u00e9m disso pessoas que liberam uma quantidade maior de \u00e1cido \u00farico tendem a promover o escurecimento mais r\u00e1pido da pe\u00e7a!<\/p>\n\n\n\n<p>\u00c9 importante lembrar que a oxida\u00e7\u00e3o das pe\u00e7as \u00e9 apenas uma camada externa da j\u00f3ia, apenas uma sujeira, que n\u00e3o danifica, nem prejudica a qualidade dela, bastando apenas fazer a limpeza correta e voc\u00ea ter\u00e1 sua j\u00f3ia novinha novamente!<\/p>\n\n\n\n<p>Para manter o brilho da prata recomenda-se realizar uma limpeza peri\u00f3dica com produtos adequados (flanela m\u00e1gica, limpa pratas ou bicarbonato de s\u00f3dio) para que n\u00e3o danifique as pe\u00e7as. No nosso perfil do Instagram tem stories salvos nos destaques como &#8220;LIMPEZA&#8221;, com tutorial de como limpar e manter sempre o brilho das j\u00f3ias.<\/p>\n\n\n\n<p><\/p>\n\n\n\n<p><strong><em>CUIDADOS COM AS J\u00d3IAS<\/em><\/strong><\/p>\n\n\n\n<ul class=\"wp-block-list\">\n<li>Evitar o contato das j\u00f3ias com cremes, perfumes, cosm\u00e9ticos, produtos de limpeza, lo\u00e7\u00f5es, tinturas de cabelo, pomadas ou medicamentos que poder\u00e3o manchar as pe\u00e7as e acelerar o processo de oxida\u00e7\u00e3o;<\/li>\n\n\n\n<li>Evitar o contato do produto com a \u00e1gua do mar e piscina, pois pode acelerar o processo de oxida\u00e7\u00e3o, caso v\u00e1 a praia\/piscina com suas pe\u00e7as aconselhamos fazer uma limpeza quando das mesmas depois;<\/li>\n\n\n\n<li>Evitar contato e atrito com materiais mais duros e abrasivos (ex: bombril, areia, etc.), que possam arranhar suas pe\u00e7as;<\/li>\n\n\n\n<li>Evitar o contato do produto sempre que levantar objetos pesados, ou apoiar bra\u00e7os ou m\u00e3os em superf\u00edcies \u00e1speras que possam deformar em fun\u00e7\u00e3o do esfor\u00e7o ou danificar pelo atrito;<\/li>\n\n\n\n<li>Manusear as pe\u00e7as com cuidado, lembrando que j\u00f3ias s\u00e3o pe\u00e7as delicadas, evitar puxar as correntes e pulseiras com muita for\u00e7a;<\/li>\n\n\n\n<li>Guarde suas pe\u00e7as em lugar macio, longe da umidade e separadas umas das outras, evitando atrito entre elas.<\/li>\n\n\n\n<li>A melhor maneira de manter as j\u00f3ias bonitas, \u00e9 usar e lav\u00e1-las sempre.<br>OBS: A prata adora \u00e1gua, ent\u00e3o voc\u00ea pode molhar sem medo!<\/li>\n<\/ul>\n\n\n\n<p>*Lembrando que caso ocorra uma das situa\u00e7\u00f5es citadas acima e dano \u00e0 j\u00f3ia, a nossa garantia n\u00e3o contemplar\u00e1 troca, devolu\u00e7\u00e3o ou reparo.&nbsp;<\/p>\n\n\n\n<p><\/p>\n\n\n\n<p><strong><em>COMO SABER O TAMANHO DA MINHA PANDORA?<\/em><\/strong><br>O tamanho da pulseira pode variar de acordo com a prefer\u00eancia de cada pessoa, algumas preferem mais justa e outras mais larga. O recomendado \u00e9 que n\u00e3o fique t\u00e3o justa e nem t\u00e3o larga, pois a medida que for acrescentando os berloques a pulseira vai ficando mais justa naturalmente.<br>Recomendamos que o tamanho da sua pulseira seja 2cm maior que a medida do seu pulso. Exemplo: caso seu pulso me\u00e7a 16cm o tamanho ideal para voc\u00ea seria de 18cm.<\/p>\n\n\n\n<p><\/p>\n\n\n\n<p><\/p>\n\n\n\n<p><\/p>\n","protected":false},"excerpt":{"rendered":"<p>QUE \u00c9 PRATA 925?A prata 925, tamb\u00e9m conhecida como prata de lei ou prata leg\u00edtima, cont\u00e9m 92,5% de prata em sua composi\u00e7\u00e3o e 7,5% de outros metais para fazer com que a prata fique menos male\u00e1vel e possibilitando a produ\u00e7\u00e3o de pe\u00e7as! \u00c9 NORMAL A PRATA ESCURECER?Sim! \u00c9 natural a prata oxidar, ficar escura, com [&hellip;]<\/p>\n","protected":false},"author":1,"featured_media":0,"parent":0,"menu_order":0,"comment_status":"closed","ping_status":"closed","template":"","meta":{"footnotes":""},"class_list":["post-9514","page","type-page","status-publish","hentry"],"_links":{"self":[{"href":"https:\/\/www.venezapratas.com.br\/index.php?rest_route=\/wp\/v2\/pages\/9514","targetHints":{"allow":["GET"]}}],"collection":[{"href":"https:\/\/www.venezapratas.com.br\/index.php?rest_route=\/wp\/v2\/pages"}],"about":[{"href":"https:\/\/www.venezapratas.com.br\/index.php?rest_route=\/wp\/v2\/types\/page"}],"author":[{"embeddable":true,"href":"https:\/\/www.venezapratas.com.br\/index.php?rest_route=\/wp\/v2\/users\/1"}],"replies":[{"embeddable":true,"href":"https:\/\/www.venezapratas.com.br\/index.php?rest_route=%2Fwp%2Fv2%2Fcomments&post=9514"}],"version-history":[{"count":0,"href":"https:\/\/www.venezapratas.com.br\/index.php?rest_route=\/wp\/v2\/pages\/9514\/revisions"}],"wp:attachment":[{"href":"https:\/\/www.venezapratas.com.br\/index.php?rest_route=%2Fwp%2Fv2%2Fmedia&parent=9514"}],"curies":[{"name":"wp","href":"https:\/\/api.w.org\/{rel}","templated":true}]}}