{"id":9480,"date":"2025-01-23T13:30:07","date_gmt":"2025-01-23T16:30:07","guid":{"rendered":"https:\/\/www.venezapratas.shop\/?page_id=9480"},"modified":"2025-01-23T13:30:07","modified_gmt":"2025-01-23T16:30:07","slug":"politica-de-entrega","status":"publish","type":"page","link":"https:\/\/www.venezapratas.com.br\/?page_id=9480","title":{"rendered":"Pol\u00edtica de entrega"},"content":{"rendered":"\n<p><strong><em>O valor do frete<\/em><\/strong> \u00e9 calculado de acordo com o local de entrega (CEP), peso do produto e tipo de entrega escolhida. O consumidor \u00e9 informado do valor quando estiver concluindo a compra.<\/p>\n\n\n\n<p>O nosso <strong><em>prazo de entrega<\/em><\/strong> \u00e9 calculado de acordo com o CEP e a op\u00e7\u00e3o de frete escolhida no carrinho. O prazo indicado come\u00e7ar\u00e1 a contar a partir do momento que sua compra for postada nos correios. A postagem nos correios pode levar at\u00e9 2 dias \u00fateis ap\u00f3s a confirma\u00e7\u00e3o do pagamento.<\/p>\n\n\n\n<p><\/p>\n\n\n\n<p>Caso haja algum <strong><em>atraso na entrega <\/em><\/strong>do seu pedido, por favor, entre em contato com a nossa Central de Atendimento para verificarmos o ocorrido.<\/p>\n\n\n\n<p>Assim que sua compra for postada nos Correios voc\u00ea receber\u00e1 o seu <strong><em>c\u00f3digo de rastreio <\/em><\/strong>atrav\u00e9s do e-mail.<\/p>\n\n\n\n<p><\/p>\n\n\n\n<p>De acordo com o protocolo s\u00e3o realizadas 3 (tr\u00eas) <strong><em>tentativas de entrega <\/em><\/strong>no local informado no pedido. \u00c9 imprescind\u00edvel que no endere\u00e7o exista uma pessoa para receber o produto e assinar o comprovante de entrega em hor\u00e1rio comercial. Poder\u00e1 ser um parente, porteiro ou terceiros, desde que assinem o comprovante confirmando o recebimento do pedido.<br>IMPORTANTE: Se houver 3 (tr\u00eas) tentativas de entrega sem sucesso, seu pedido retornar\u00e1 para a VENEZA e s\u00f3 poder\u00e1 ser reenviado ap\u00f3s a confirma\u00e7\u00e3o do endere\u00e7o e retorno a sede da loja virtual e mediante o pagamento de um novo frete.<\/p>\n\n\n\n<p><\/p>\n\n\n\n<p>Caso voc\u00ea tenha <strong><em>preenchido incorretamente <\/em><\/strong>o endere\u00e7o de entrega \u00e9 seu pedido ainda n\u00e3o foi despachado, basta entrar em contato conosco, por\u00e9m caso seu pedido j\u00e1 tenha sido despachado para os Correios a VENEZA n\u00e3o consegue que nenhum dado seja alterado e portanto o correto \u00e9 solicitar o CANCELAMENTO e inserir um novo pedido com as informa\u00e7\u00f5es corrigidas, de forma que, eventual nova entrega que seja solicitada s\u00f3 se dar\u00e1 mediante pagamento de um novo frete.<br>*A VENEZA n\u00e3o se responsabiliza por dados incorretos preenchidos pelo cliente em seu cadastro. Por isso ao preencher os seus dados no site, confira se as informa\u00e7\u00f5es est\u00e3o corretas, evitando assim futuros transtornos.<\/p>\n\n\n\n<p><\/p>\n\n\n\n<p>O servi\u00e7o de <strong><em>entrega expressa e gratuita<\/em><\/strong> (exceto em casos de promo\u00e7\u00f5es de frete gr\u00e1tis no site) \u00e9 uma op\u00e7\u00e3o de frete oferecida apenas a clientes de Ita\u00fana.<br>Ao contratar esse servi\u00e7o, o cliente recebe o pedido dentro do prazo informado ap\u00f3s a CONFIRMA\u00c7\u00c3O DE PAGAMENTO e FATURAMENTO do mesmo, em dias \u00fateis, que \u00e9 sempre feita atrav\u00e9s de e-mail.<br>As entregas s\u00e3o realizadas apenas em dias \u00fateis, portando pedidos aprovados aos finais de semana s\u00e3o enviados no pr\u00f3ximo dia \u00fatil.<br>A entrega desses pedidos \u00e9 feita atrav\u00e9s de motoboy de segunda a sexta feira, das 9 \u00e0s 18 horas.<\/p>\n\n\n\n<p>Em caso de d\u00favidas entre em contato conosco atrav\u00e9s do e-mail venezapratas@outlook.com ou pelo WhatsApp.<\/p>\n","protected":false},"excerpt":{"rendered":"<p>O valor do frete \u00e9 calculado de acordo com o local de entrega (CEP), peso do produto e tipo de entrega escolhida. O consumidor \u00e9 informado do valor quando estiver concluindo a compra. O nosso prazo de entrega \u00e9 calculado de acordo com o CEP e a op\u00e7\u00e3o de frete escolhida no carrinho. O prazo [&hellip;]<\/p>\n","protected":false},"author":1,"featured_media":0,"parent":0,"menu_order":0,"comment_status":"closed","ping_status":"closed","template":"","meta":{"footnotes":""},"class_list":["post-9480","page","type-page","status-publish","hentry"],"_links":{"self":[{"href":"https:\/\/www.venezapratas.com.br\/index.php?rest_route=\/wp\/v2\/pages\/9480","targetHints":{"allow":["GET"]}}],"collection":[{"href":"https:\/\/www.venezapratas.com.br\/index.php?rest_route=\/wp\/v2\/pages"}],"about":[{"href":"https:\/\/www.venezapratas.com.br\/index.php?rest_route=\/wp\/v2\/types\/page"}],"author":[{"embeddable":true,"href":"https:\/\/www.venezapratas.com.br\/index.php?rest_route=\/wp\/v2\/users\/1"}],"replies":[{"embeddable":true,"href":"https:\/\/www.venezapratas.com.br\/index.php?rest_route=%2Fwp%2Fv2%2Fcomments&post=9480"}],"version-history":[{"count":0,"href":"https:\/\/www.venezapratas.com.br\/index.php?rest_route=\/wp\/v2\/pages\/9480\/revisions"}],"wp:attachment":[{"href":"https:\/\/www.venezapratas.com.br\/index.php?rest_route=%2Fwp%2Fv2%2Fmedia&parent=9480"}],"curies":[{"name":"wp","href":"https:\/\/api.w.org\/{rel}","templated":true}]}}