{"id":9367,"date":"2025-01-22T13:46:28","date_gmt":"2025-01-22T16:46:28","guid":{"rendered":"https:\/\/www.venezapratas.shop\/?page_id=9367"},"modified":"2025-01-22T13:46:28","modified_gmt":"2025-01-22T16:46:28","slug":"garantia","status":"publish","type":"page","link":"https:\/\/www.venezapratas.com.br\/?page_id=9367","title":{"rendered":"Garantia"},"content":{"rendered":"\t\t<div data-elementor-type=\"wp-page\" data-elementor-id=\"9367\" class=\"elementor elementor-9367\" data-elementor-post-type=\"page\">\n\t\t\t\t<div class=\"elementor-element elementor-element-abcaab2 e-flex e-con-boxed e-con e-parent\" data-id=\"abcaab2\" data-element_type=\"container\">\r\n\t\t\t\t\t<div class=\"e-con-inner\">\r\n\t\t\t\t<div class=\"elementor-element elementor-element-d8bca2c elementor-widget elementor-widget-heading\" data-id=\"d8bca2c\" data-element_type=\"widget\" data-widget_type=\"heading.default\">\n\t\t\t\t<div class=\"elementor-widget-container\">\n\t\t\t\t\t<h2 class=\"elementor-heading-title elementor-size-default\"><h1 class=\"entry-title\" style=\"border: 0px;font-size: 2rem;font-style: normal;font-weight: var(--ast-blog-title-font-weight,normal);margin-right: 0px;margin-bottom: 0.2em;margin-left: 0px;padding: 0px;vertical-align: baseline;clear: both;line-height: 1.2;font-family: Poppins, sans-serif;text-transform: capitalize;display: var(--page-title-display);letter-spacing: normal\">Garantia<\/h1><\/h2>\t\t\t\t<\/div>\n\t\t\t\t<\/div>\n\t\t\t\t\t<\/div>\n\t\t\t\t<\/div>\n\t\t<div class=\"elementor-element elementor-element-2d7975d e-flex e-con-boxed e-con e-parent\" data-id=\"2d7975d\" data-element_type=\"container\">\r\n\t\t\t\t\t<div class=\"e-con-inner\">\r\n\t\t\t\t<div class=\"elementor-element elementor-element-1613958 elementor-widget elementor-widget-text-editor\" data-id=\"1613958\" data-element_type=\"widget\" data-widget_type=\"text-editor.default\">\n\t\t\t\t<div class=\"elementor-widget-container\">\n\t\t\t\t\t\t\t\t\t<p style=\"border: 0px; font-size: 15px; font-weight: 400; margin-bottom: 1.6em; outline: 0px; padding: 0px; vertical-align: baseline; color: #7a7a7a; font-family: Roboto, sans-serif; letter-spacing: normal;\">Todas as nossas j\u00f3ias possuem garantia vital\u00edcia pela autenticidade da prata,\u00a0isso significa que\u00a0<span style=\"font-weight: bold;\"><em>a garantia abrange somente o material da pe\u00e7a<\/em><\/span>, a mat\u00e9ria prima. Nossos produtos passam por v\u00e1rios testes de qualidade antes do envio, por isso, nossa garantia\u00a0<span style=\"font-weight: bold;\"><em>n\u00e3o inclui<\/em><\/span>:<\/p><p style=\"border: 0px; font-size: 15px; font-weight: 400; margin-bottom: 1.6em; outline: 0px; padding: 0px; vertical-align: baseline; color: #7a7a7a; font-family: Roboto, sans-serif; letter-spacing: normal;\">\u00a0<\/p><p style=\"border: 0px; font-size: 15px; font-weight: 400; margin-bottom: 1.6em; outline: 0px; padding: 0px; vertical-align: baseline; color: #7a7a7a; font-family: Roboto, sans-serif; letter-spacing: normal;\">\u00a0<\/p><ul style=\"border: 0px; margin-right: 0px; margin-bottom: 1.5em; margin-left: 3em; outline: 0px; padding: 0px; vertical-align: baseline; list-style-position: initial; list-style-image: initial; color: #7a7a7a; font-family: Roboto, sans-serif;\"><li style=\"border: 0px; font-style: inherit; font-weight: inherit; margin: 0px; outline: 0px; padding: 0px; vertical-align: baseline;\">Queda de pedras;<\/li><li style=\"border: 0px; font-style: inherit; font-weight: inherit; margin: 0px; outline: 0px; padding: 0px; vertical-align: baseline;\">Perda de tarraxas, pe\u00e7as;<\/li><li style=\"border: 0px; font-style: inherit; font-weight: inherit; margin: 0px; outline: 0px; padding: 0px; vertical-align: baseline;\">Quebra de correntes;<\/li><li style=\"border: 0px; font-style: inherit; font-weight: inherit; margin: 0px; outline: 0px; padding: 0px; vertical-align: baseline;\">Mau uso;<\/li><li style=\"border: 0px; font-style: inherit; font-weight: inherit; margin: 0px; outline: 0px; padding: 0px; vertical-align: baseline;\">Amassados;<\/li><li style=\"border: 0px; font-style: inherit; font-weight: inherit; margin: 0px; outline: 0px; padding: 0px; vertical-align: baseline;\">Oxida\u00e7\u00e3o da pe\u00e7a;<\/li><li style=\"border: 0px; font-style: inherit; font-weight: inherit; margin: 0px; outline: 0px; padding: 0px; vertical-align: baseline;\">Desgaste da esmalta\u00e7\u00e3o de produtos com resinas coloridas;<\/li><li style=\"border: 0px; font-style: inherit; font-weight: inherit; margin: 0px; outline: 0px; padding: 0px; vertical-align: baseline;\">Danos decorrentes de utiliza\u00e7\u00e3o, como batidas e arranh\u00f5es.\u00a0<br \/>Em caso de quebra de corrente, nossa garantia n\u00e3o abrange conserto sem custos, independente do tempo de uso. Apesar disso, voc\u00ea poder\u00e1 encaminhar a j\u00f3ia ao nosso escrit\u00f3rio para conserto, sendo que ser\u00e1 cobrada a taxa de solda ou manuten\u00e7\u00e3o da pe\u00e7a.<\/li><li style=\"border: 0px; font-style: inherit; font-weight: inherit; margin: 0px; outline: 0px; padding: 0px; vertical-align: baseline;\">Produtos com esmalta\u00e7\u00e3o colorida n\u00e3o devem ser molhados, pois, corre-se o risco de desgaste e altera\u00e7\u00e3o na parte colorida do produto, sendo que nestes casos n\u00e3o ser\u00e1 coberto por nossa garantia.\u00a0<\/li><li style=\"border: 0px; font-style: inherit; font-weight: inherit; margin: 0px; outline: 0px; padding: 0px; vertical-align: baseline;\">Todas as nossas pe\u00e7as s\u00e3o confeccionados em Prata 925 e alguns piercings possuem haste de a\u00e7o cir\u00fargico, consulte as descri\u00e7\u00f5es dos produtos.<\/li><\/ul><p style=\"border: 0px; font-size: 15px; font-weight: 400; margin-bottom: 1.6em; outline: 0px; padding: 0px; vertical-align: baseline; color: #7a7a7a; font-family: Roboto, sans-serif; letter-spacing: normal;\">\u00a0<\/p><p style=\"border: 0px; font-size: 15px; font-weight: 400; margin-bottom: 1.6em; outline: 0px; padding: 0px; vertical-align: baseline; color: #7a7a7a; font-family: Roboto, sans-serif; letter-spacing: normal;\">\u00a0<\/p><p style=\"border: 0px; font-size: 15px; font-weight: 400; margin-bottom: 1.6em; outline: 0px; padding: 0px; vertical-align: baseline; color: #7a7a7a; font-family: Roboto, sans-serif; letter-spacing: normal;\">Lembre-se j\u00f3ias s\u00e3o pe\u00e7as delicadas e devem ser manuseadas com muito cuidado e aten\u00e7\u00e3o.<br \/>\u00a0<br \/>Em caso de reclama\u00e7\u00f5es, a garantia enviada junto com a pe\u00e7a dever\u00e1 ser apresentada obrigatoriamente.<br \/>\u00a0<br \/>Confira nossas dicas de uso e conserva\u00e7\u00e3o das pe\u00e7as! Em caso de d\u00favida a respeito de qualquer problema, entre em contato conosco pelo e-mail venezapratas@outlook.com ou pelo wathsapp : 37-99919 8302<\/p>\t\t\t\t\t\t\t\t<\/div>\n\t\t\t\t<\/div>\n\t\t\t\t\t<\/div>\n\t\t\t\t<\/div>\n\t\t\t\t<\/div>\n\t\t","protected":false},"excerpt":{"rendered":"<p>Garantia Todas as nossas j\u00f3ias possuem garantia vital\u00edcia pela autenticidade da prata,\u00a0isso significa que\u00a0a garantia abrange somente o material da pe\u00e7a, a mat\u00e9ria prima. Nossos produtos passam por v\u00e1rios testes de qualidade antes do envio, por isso, nossa garantia\u00a0n\u00e3o inclui: \u00a0 \u00a0 Queda de pedras; Perda de tarraxas, pe\u00e7as; Quebra de correntes; Mau uso; Amassados; [&hellip;]<\/p>\n","protected":false},"author":1,"featured_media":0,"parent":0,"menu_order":0,"comment_status":"closed","ping_status":"closed","template":"","meta":{"footnotes":""},"class_list":["post-9367","page","type-page","status-publish","hentry"],"_links":{"self":[{"href":"https:\/\/www.venezapratas.com.br\/index.php?rest_route=\/wp\/v2\/pages\/9367","targetHints":{"allow":["GET"]}}],"collection":[{"href":"https:\/\/www.venezapratas.com.br\/index.php?rest_route=\/wp\/v2\/pages"}],"about":[{"href":"https:\/\/www.venezapratas.com.br\/index.php?rest_route=\/wp\/v2\/types\/page"}],"author":[{"embeddable":true,"href":"https:\/\/www.venezapratas.com.br\/index.php?rest_route=\/wp\/v2\/users\/1"}],"replies":[{"embeddable":true,"href":"https:\/\/www.venezapratas.com.br\/index.php?rest_route=%2Fwp%2Fv2%2Fcomments&post=9367"}],"version-history":[{"count":0,"href":"https:\/\/www.venezapratas.com.br\/index.php?rest_route=\/wp\/v2\/pages\/9367\/revisions"}],"wp:attachment":[{"href":"https:\/\/www.venezapratas.com.br\/index.php?rest_route=%2Fwp%2Fv2%2Fmedia&parent=9367"}],"curies":[{"name":"wp","href":"https:\/\/api.w.org\/{rel}","templated":true}]}}